{"id":5826,"date":"2025-12-02T12:06:08","date_gmt":"2025-12-02T11:06:08","guid":{"rendered":"https:\/\/pruebas.fdbible.org\/blog\/"},"modified":"2025-12-02T13:02:45","modified_gmt":"2025-12-02T12:02:45","slug":"blog","status":"publish","type":"page","link":"https:\/\/fdbible.org\/en\/blog\/","title":{"rendered":"BLOG"},"content":{"rendered":"<div class=\"wpb-content-wrapper\"><p>[vc_row][vc_column]<section id=\"blog-69ff318be704d\" class=\"p0\"><div class=\"container\"><div class=\"row\"><div id=\"main-content\" class=\"col-md-9 col-sm-12\"><div class=\"row mb40\"><div class=\"col-sm-6 col-xs-12 mb32 mb-xs-24\">\r\n    <div class=\"clearfix m0-xs border-line-bottom light-inner\">\r\n                    <div class=\"mb-xs-24 post-thumb\">\r\n                <a href=\"https:\/\/fdbible.org\/en\/the-sadness-of-the-carriage-and-the-joy-of-the-hay\/\">\r\n                    <div class=\"bg-overlay mb24\">\r\n                                                    <img loading=\"lazy\" decoding=\"async\" width=\"600\" height=\"400\" src=\"https:\/\/fdbible.org\/wp-content\/uploads\/2010\/06\/carro_blog_titulo-600x400.jpeg\" class=\"attachment-roneous_grid size-roneous_grid wp-post-image\" alt=\"\" \/>                                                <div class=\"bg-mask\"><i class=\"ti-plus\"><\/i><\/div>\r\n                    <\/div>\r\n                <\/a>\r\n            <\/div>\r\n                <a href=\"https:\/\/fdbible.org\/en\/the-sadness-of-the-carriage-and-the-joy-of-the-hay\/\">\r\n            <h5 class=\"blog-title mb0\">THE SADNESS OF THE CARRIAGE AND THE JOY OF THE HAY<\/h5>        <\/a>\r\n        <div class=\"entry-meta mt8 mb16 p0\">\r\n            <span class=\"inline-block\">23\/12\/2025<\/span>\r\n            <span class=\"inline-block\"><span>by<\/span><a href=\"https:\/\/fdbible.org\/en\/author\/fdbible\/\" title=\"Posts by admin\" rel=\"author\">admin<\/a><\/span>\r\n        <\/div>\r\n        <p>&#8230;. Have we ever stopped to think that Christmas can have a calming effect, being a&#8230;<\/p>\n        <div class=\"pull-left mt8\">\r\n            \t        <div class=\"tlg-likes-button inline-block tlg-likes-normal\">\n\t        \t<a href=\"#\" class=\"tlg-likes\" id=\"tlg-likes-5720\" title=\"\">\n\t        \t\t<i class=\"ti-heart\"><\/i><span class=\"like-share-name\">0<span> like<\/span><\/span>\t        \t<\/a>\n\t        <\/div>\n\t                            <\/div>\r\n                    <div class=\"pull-right mt8 category-more\">\r\n            <a href=\"https:\/\/fdbible.org\/en\/category\/sin-categoria\/\">Sin categor\u00eda<\/a>            <\/div>\r\n            <\/div>\r\n<\/div><div class=\"col-sm-6 col-xs-12 mb32 mb-xs-24\">\r\n    <div class=\"clearfix m0-xs border-line-bottom light-inner\">\r\n                    <div class=\"mb-xs-24 post-thumb\">\r\n                <a href=\"https:\/\/fdbible.org\/en\/the-baptism-of-tiger-nut-milk\/\">\r\n                    <div class=\"bg-overlay mb24\">\r\n                                                    <img loading=\"lazy\" decoding=\"async\" width=\"600\" height=\"400\" src=\"https:\/\/fdbible.org\/wp-content\/uploads\/2025\/12\/horchata-600x400.jpeg\" class=\"attachment-roneous_grid size-roneous_grid wp-post-image\" alt=\"\" \/>                                                <div class=\"bg-mask\"><i class=\"ti-plus\"><\/i><\/div>\r\n                    <\/div>\r\n                <\/a>\r\n            <\/div>\r\n                <a href=\"https:\/\/fdbible.org\/en\/the-baptism-of-tiger-nut-milk\/\">\r\n            <h5 class=\"blog-title mb0\">THE BAPTISM OF TIGER NUT MILK<\/h5>        <\/a>\r\n        <div class=\"entry-meta mt8 mb16 p0\">\r\n            <span class=\"inline-block\">22\/12\/2025<\/span>\r\n            <span class=\"inline-block\"><span>by<\/span><a href=\"https:\/\/fdbible.org\/en\/author\/fdbible\/\" title=\"Posts by admin\" rel=\"author\">admin<\/a><\/span>\r\n        <\/div>\r\n        <p>40 degrees Celsius in the 7 Streets of San Pedro Sula (Honduras). There is Dar\u00edo Welcome&#8230;<\/p>\n        <div class=\"pull-left mt8\">\r\n            \t        <div class=\"tlg-likes-button inline-block tlg-likes-normal\">\n\t        \t<a href=\"#\" class=\"tlg-likes\" id=\"tlg-likes-5762\" title=\"\">\n\t        \t\t<i class=\"ti-heart\"><\/i><span class=\"like-share-name\">0<span> like<\/span><\/span>\t        \t<\/a>\n\t        <\/div>\n\t                            <\/div>\r\n                    <div class=\"pull-right mt8 category-more\">\r\n            <a href=\"https:\/\/fdbible.org\/en\/category\/sin-categoria\/\">Sin categor\u00eda<\/a>            <\/div>\r\n            <\/div>\r\n<\/div><\/div><div class=\"row mb40\"><div class=\"col-sm-6 col-xs-12 mb32 mb-xs-24\">\r\n    <div class=\"clearfix m0-xs border-line-bottom light-inner\">\r\n                    <div class=\"mb-xs-24 post-thumb\">\r\n                <a href=\"https:\/\/fdbible.org\/en\/the-treasures-of-shepherd-gila-and-the-prodigal-son\/\">\r\n                    <div class=\"bg-overlay mb24\">\r\n                                                    <img loading=\"lazy\" decoding=\"async\" width=\"600\" height=\"400\" src=\"https:\/\/fdbible.org\/wp-content\/uploads\/2025\/12\/Gila-600x400.jpeg\" class=\"attachment-roneous_grid size-roneous_grid wp-post-image\" alt=\"\" \/>                                                <div class=\"bg-mask\"><i class=\"ti-plus\"><\/i><\/div>\r\n                    <\/div>\r\n                <\/a>\r\n            <\/div>\r\n                <a href=\"https:\/\/fdbible.org\/en\/the-treasures-of-shepherd-gila-and-the-prodigal-son\/\">\r\n            <h5 class=\"blog-title mb0\">THE TREASURES OF SHEPHERD GIL\u00c1 AND THE PRODIGAL SON<\/h5>        <\/a>\r\n        <div class=\"entry-meta mt8 mb16 p0\">\r\n            <span class=\"inline-block\">19\/12\/2025<\/span>\r\n            <span class=\"inline-block\"><span>by<\/span><a href=\"https:\/\/fdbible.org\/en\/author\/fdbible\/\" title=\"Posts by admin\" rel=\"author\">admin<\/a><\/span>\r\n        <\/div>\r\n        <p>This is the story of Gil\u00e1, the 38-year-old Moroccan shepherd. Seven years ago, he emigrated from&#8230;<\/p>\n        <div class=\"pull-left mt8\">\r\n            \t        <div class=\"tlg-likes-button inline-block tlg-likes-normal\">\n\t        \t<a href=\"#\" class=\"tlg-likes\" id=\"tlg-likes-5806\" title=\"\">\n\t        \t\t<i class=\"ti-heart\"><\/i><span class=\"like-share-name\">0<span> like<\/span><\/span>\t        \t<\/a>\n\t        <\/div>\n\t                            <\/div>\r\n                    <div class=\"pull-right mt8 category-more\">\r\n            <a href=\"https:\/\/fdbible.org\/en\/category\/sin-categoria\/\">Sin categor\u00eda<\/a>            <\/div>\r\n            <\/div>\r\n<\/div><div class=\"col-sm-6 col-xs-12 mb32 mb-xs-24\">\r\n    <div class=\"clearfix m0-xs border-line-bottom light-inner\">\r\n                    <div class=\"mb-xs-24 post-thumb\">\r\n                <a href=\"https:\/\/fdbible.org\/en\/a-scent-of-god\/\">\r\n                    <div class=\"bg-overlay mb24\">\r\n                                                    <img loading=\"lazy\" decoding=\"async\" width=\"600\" height=\"400\" src=\"https:\/\/fdbible.org\/wp-content\/uploads\/2010\/08\/pegamentoo-600x400.jpeg\" class=\"attachment-roneous_grid size-roneous_grid wp-post-image\" alt=\"\" \/>                                                <div class=\"bg-mask\"><i class=\"ti-plus\"><\/i><\/div>\r\n                    <\/div>\r\n                <\/a>\r\n            <\/div>\r\n                <a href=\"https:\/\/fdbible.org\/en\/a-scent-of-god\/\">\r\n            <h5 class=\"blog-title mb0\">A SCENT OF GOD<\/h5>        <\/a>\r\n        <div class=\"entry-meta mt8 mb16 p0\">\r\n            <span class=\"inline-block\">17\/12\/2025<\/span>\r\n            <span class=\"inline-block\"><span>by<\/span><a href=\"https:\/\/fdbible.org\/en\/author\/fdbible\/\" title=\"Posts by admin\" rel=\"author\">admin<\/a><\/span>\r\n        <\/div>\r\n        <p>The inhalation of glue by poor children in Myanmar is very frequent nowadays. They live in&#8230;<\/p>\n        <div class=\"pull-left mt8\">\r\n            \t        <div class=\"tlg-likes-button inline-block tlg-likes-normal\">\n\t        \t<a href=\"#\" class=\"tlg-likes\" id=\"tlg-likes-5700\" title=\"\">\n\t        \t\t<i class=\"ti-heart\"><\/i><span class=\"like-share-name\">0<span> like<\/span><\/span>\t        \t<\/a>\n\t        <\/div>\n\t                            <\/div>\r\n                    <div class=\"pull-right mt8 category-more\">\r\n            <a href=\"https:\/\/fdbible.org\/en\/category\/sin-categoria\/\">Sin categor\u00eda<\/a>            <\/div>\r\n            <\/div>\r\n<\/div><\/div><div class=\"row mb40\"><div class=\"col-sm-6 col-xs-12 mb32 mb-xs-24\">\r\n    <div class=\"clearfix m0-xs border-line-bottom light-inner\">\r\n                    <div class=\"mb-xs-24 post-thumb\">\r\n                <a href=\"https:\/\/fdbible.org\/en\/a-nest-under-the-radiator\/\">\r\n                    <div class=\"bg-overlay mb24\">\r\n                                                    <img loading=\"lazy\" decoding=\"async\" width=\"600\" height=\"400\" src=\"https:\/\/fdbible.org\/wp-content\/uploads\/2010\/08\/nido-600x400.jpeg\" class=\"attachment-roneous_grid size-roneous_grid wp-post-image\" alt=\"\" \/>                                                <div class=\"bg-mask\"><i class=\"ti-plus\"><\/i><\/div>\r\n                    <\/div>\r\n                <\/a>\r\n            <\/div>\r\n                <a href=\"https:\/\/fdbible.org\/en\/a-nest-under-the-radiator\/\">\r\n            <h5 class=\"blog-title mb0\">A NEST UNDER THE RADIATOR<\/h5>        <\/a>\r\n        <div class=\"entry-meta mt8 mb16 p0\">\r\n            <span class=\"inline-block\">15\/12\/2025<\/span>\r\n            <span class=\"inline-block\"><span>by<\/span><a href=\"https:\/\/fdbible.org\/en\/author\/fdbible\/\" title=\"Posts by admin\" rel=\"author\">admin<\/a><\/span>\r\n        <\/div>\r\n        <p>The Chief of a Fire Department noticed an unfair delay in the service of the tank&#8230;<\/p>\n        <div class=\"pull-left mt8\">\r\n            \t        <div class=\"tlg-likes-button inline-block tlg-likes-normal\">\n\t        \t<a href=\"#\" class=\"tlg-likes\" id=\"tlg-likes-5706\" title=\"\">\n\t        \t\t<i class=\"ti-heart\"><\/i><span class=\"like-share-name\">0<span> like<\/span><\/span>\t        \t<\/a>\n\t        <\/div>\n\t                            <\/div>\r\n                    <div class=\"pull-right mt8 category-more\">\r\n            <a href=\"https:\/\/fdbible.org\/en\/category\/sin-categoria\/\">Sin categor\u00eda<\/a>            <\/div>\r\n            <\/div>\r\n<\/div><div class=\"col-sm-6 col-xs-12 mb32 mb-xs-24\">\r\n    <div class=\"clearfix m0-xs border-line-bottom light-inner\">\r\n                    <div class=\"mb-xs-24 post-thumb\">\r\n                <a href=\"https:\/\/fdbible.org\/en\/the-law-of-gravity\/\">\r\n                    <div class=\"bg-overlay mb24\">\r\n                                                    <img loading=\"lazy\" decoding=\"async\" width=\"600\" height=\"400\" src=\"https:\/\/fdbible.org\/wp-content\/uploads\/2025\/12\/gravitacion-600x400.jpeg\" class=\"attachment-roneous_grid size-roneous_grid wp-post-image\" alt=\"\" \/>                                                <div class=\"bg-mask\"><i class=\"ti-plus\"><\/i><\/div>\r\n                    <\/div>\r\n                <\/a>\r\n            <\/div>\r\n                <a href=\"https:\/\/fdbible.org\/en\/the-law-of-gravity\/\">\r\n            <h5 class=\"blog-title mb0\">THE LAW OF GRAVITY<\/h5>        <\/a>\r\n        <div class=\"entry-meta mt8 mb16 p0\">\r\n            <span class=\"inline-block\">14\/12\/2025<\/span>\r\n            <span class=\"inline-block\"><span>by<\/span><a href=\"https:\/\/fdbible.org\/en\/author\/fdbible\/\" title=\"Posts by admin\" rel=\"author\">admin<\/a><\/span>\r\n        <\/div>\r\n        <p>There are masterpieces in the history of painting that, overwhelmed by the powerful impact they have&#8230;<\/p>\n        <div class=\"pull-left mt8\">\r\n            \t        <div class=\"tlg-likes-button inline-block tlg-likes-normal\">\n\t        \t<a href=\"#\" class=\"tlg-likes\" id=\"tlg-likes-5778\" title=\"\">\n\t        \t\t<i class=\"ti-heart\"><\/i><span class=\"like-share-name\">0<span> like<\/span><\/span>\t        \t<\/a>\n\t        <\/div>\n\t                            <\/div>\r\n                    <div class=\"pull-right mt8 category-more\">\r\n            <a href=\"https:\/\/fdbible.org\/en\/category\/sin-categoria\/\">Sin categor\u00eda<\/a>            <\/div>\r\n            <\/div>\r\n<\/div><\/div><div class=\"row mb40\"><div class=\"col-sm-6 col-xs-12 mb32 mb-xs-24\">\r\n    <div class=\"clearfix m0-xs border-line-bottom light-inner\">\r\n                    <div class=\"mb-xs-24 post-thumb\">\r\n                <a href=\"https:\/\/fdbible.org\/en\/no-one-owns-what-they-cannot-see\/\">\r\n                    <div class=\"bg-overlay mb24\">\r\n                                                    <img loading=\"lazy\" decoding=\"async\" width=\"600\" height=\"400\" src=\"https:\/\/fdbible.org\/wp-content\/uploads\/2025\/12\/susan_2-600x400.jpeg\" class=\"attachment-roneous_grid size-roneous_grid wp-post-image\" alt=\"\" \/>                                                <div class=\"bg-mask\"><i class=\"ti-plus\"><\/i><\/div>\r\n                    <\/div>\r\n                <\/a>\r\n            <\/div>\r\n                <a href=\"https:\/\/fdbible.org\/en\/no-one-owns-what-they-cannot-see\/\">\r\n            <h5 class=\"blog-title mb0\">NO ONE OWNS WHAT THEY CANNOT SEE<\/h5>        <\/a>\r\n        <div class=\"entry-meta mt8 mb16 p0\">\r\n            <span class=\"inline-block\">12\/12\/2025<\/span>\r\n            <span class=\"inline-block\"><span>by<\/span><a href=\"https:\/\/fdbible.org\/en\/author\/fdbible\/\" title=\"Posts by admin\" rel=\"author\">admin<\/a><\/span>\r\n        <\/div>\r\n        <p>&#8230;. These two verses by the poet An\u00edbal N\u00fa\u00f1ez warn us that the act of seeing&#8230;<\/p>\n        <div class=\"pull-left mt8\">\r\n            \t        <div class=\"tlg-likes-button inline-block tlg-likes-normal\">\n\t        \t<a href=\"#\" class=\"tlg-likes\" id=\"tlg-likes-5802\" title=\"\">\n\t        \t\t<i class=\"ti-heart\"><\/i><span class=\"like-share-name\">0<span> like<\/span><\/span>\t        \t<\/a>\n\t        <\/div>\n\t                            <\/div>\r\n                    <div class=\"pull-right mt8 category-more\">\r\n            <a href=\"https:\/\/fdbible.org\/en\/category\/sin-categoria\/\">Sin categor\u00eda<\/a>            <\/div>\r\n            <\/div>\r\n<\/div><div class=\"col-sm-6 col-xs-12 mb32 mb-xs-24\">\r\n    <div class=\"clearfix m0-xs border-line-bottom light-inner\">\r\n                    <div class=\"mb-xs-24 post-thumb\">\r\n                <a href=\"https:\/\/fdbible.org\/en\/the-reason-why\/\">\r\n                    <div class=\"bg-overlay mb24\">\r\n                                                    <img loading=\"lazy\" decoding=\"async\" width=\"600\" height=\"400\" src=\"https:\/\/fdbible.org\/wp-content\/uploads\/2025\/12\/porque-600x400.jpeg\" class=\"attachment-roneous_grid size-roneous_grid wp-post-image\" alt=\"\" \/>                                                <div class=\"bg-mask\"><i class=\"ti-plus\"><\/i><\/div>\r\n                    <\/div>\r\n                <\/a>\r\n            <\/div>\r\n                <a href=\"https:\/\/fdbible.org\/en\/the-reason-why\/\">\r\n            <h5 class=\"blog-title mb0\">THE REASON WHY<\/h5>        <\/a>\r\n        <div class=\"entry-meta mt8 mb16 p0\">\r\n            <span class=\"inline-block\">10\/12\/2025<\/span>\r\n            <span class=\"inline-block\"><span>by<\/span><a href=\"https:\/\/fdbible.org\/en\/author\/fdbible\/\" title=\"Posts by admin\" rel=\"author\">admin<\/a><\/span>\r\n        <\/div>\r\n        <p>Paul knew almost nothing about his father until he found the box of photographs in the&#8230;<\/p>\n        <div class=\"pull-left mt8\">\r\n            \t        <div class=\"tlg-likes-button inline-block tlg-likes-normal\">\n\t        \t<a href=\"#\" class=\"tlg-likes\" id=\"tlg-likes-5788\" title=\"\">\n\t        \t\t<i class=\"ti-heart\"><\/i><span class=\"like-share-name\">0<span> like<\/span><\/span>\t        \t<\/a>\n\t        <\/div>\n\t                            <\/div>\r\n                    <div class=\"pull-right mt8 category-more\">\r\n            <a href=\"https:\/\/fdbible.org\/en\/category\/sin-categoria\/\">Sin categor\u00eda<\/a>            <\/div>\r\n            <\/div>\r\n<\/div><\/div><div class=\"row\"><div class='text-center mt40'><ul class='pagination'><li class='active'><a href='https:\/\/fdbible.org\/en\/wp-json\/wp\/v2\/pages\/5826\/'>1<\/a><\/li> <li><a href='https:\/\/fdbible.org\/en\/wp-json\/wp\/v2\/pages\/5826\/page\/2\/'>2<\/a><\/li> <\/ul><\/div><\/div><\/div><div id=\"sidebar\" class=\"col-md-3 hidden-sm-xs bg-secondary\">\n\t\n\t\t<div id=\"recent-posts-1\" class=\"widget widget_recent_entries\">\n\t\t<h6 class=\"title\">Entradas recientes<\/h6>\n\t\t<ul>\n\t\t\t\t\t\t\t\t\t\t\t<li>\n\t\t\t\t\t<a href=\"https:\/\/fdbible.org\/en\/the-sadness-of-the-carriage-and-the-joy-of-the-hay\/\">THE SADNESS OF THE CARRIAGE AND THE JOY OF THE HAY<\/a>\n\t\t\t\t\t\t\t\t\t<\/li>\n\t\t\t\t\t\t\t\t\t\t\t<li>\n\t\t\t\t\t<a href=\"https:\/\/fdbible.org\/en\/the-baptism-of-tiger-nut-milk\/\">THE BAPTISM OF TIGER NUT MILK<\/a>\n\t\t\t\t\t\t\t\t\t<\/li>\n\t\t\t\t\t\t\t\t\t\t\t<li>\n\t\t\t\t\t<a href=\"https:\/\/fdbible.org\/en\/the-treasures-of-shepherd-gila-and-the-prodigal-son\/\">THE TREASURES OF SHEPHERD GIL\u00c1 AND THE PRODIGAL SON<\/a>\n\t\t\t\t\t\t\t\t\t<\/li>\n\t\t\t\t\t\t\t\t\t\t\t<li>\n\t\t\t\t\t<a href=\"https:\/\/fdbible.org\/en\/a-scent-of-god\/\">A SCENT OF GOD<\/a>\n\t\t\t\t\t\t\t\t\t<\/li>\n\t\t\t\t\t\t\t\t\t\t\t<li>\n\t\t\t\t\t<a href=\"https:\/\/fdbible.org\/en\/a-nest-under-the-radiator\/\">A NEST UNDER THE RADIATOR<\/a>\n\t\t\t\t\t\t\t\t\t<\/li>\n\t\t\t\t\t<\/ul>\n\n\t\t<\/div><div id=\"tlg-posts-widget-1\" class=\"widget widget_tlg-posts-widget\"><h6 class=\"title\">Publicaciones destacadas<\/h6>\t\t\t    <ul class=\"tlg-posts-widget\">\n\t\t\t\t\t\t\t\t        <li class=\"tlg-posts-item\">\n\t\t\t        \t\t\t\t            <div class=\"tlg-posts-thumbnail\">\n\t\t\t             \t <a href=\"https:\/\/fdbible.org\/en\/the-sadness-of-the-carriage-and-the-joy-of-the-hay\/\" title=\"THE SADNESS OF THE CARRIAGE AND THE JOY OF THE HAY\">\n\t\t\t\t\t\t\t\t<img loading=\"lazy\" decoding=\"async\" width=\"150\" height=\"150\" src=\"https:\/\/fdbible.org\/wp-content\/uploads\/2010\/06\/carro_blog_titulo-150x150.jpeg\" class=\"attachment-thumbnail size-thumbnail wp-post-image\" alt=\"\" srcset=\"https:\/\/fdbible.org\/wp-content\/uploads\/2010\/06\/carro_blog_titulo-150x150.jpeg 150w, https:\/\/fdbible.org\/wp-content\/uploads\/2010\/06\/carro_blog_titulo-60x60.jpeg 60w, https:\/\/fdbible.org\/wp-content\/uploads\/2010\/06\/carro_blog_titulo-300x300.jpeg 300w, https:\/\/fdbible.org\/wp-content\/uploads\/2010\/06\/carro_blog_titulo-100x100.jpeg 100w\" sizes=\"auto, (max-width: 150px) 100vw, 150px\" \/>\t\t\t              \t<\/a>\n\t\t\t            <\/div>\n\t\t\t        \t\t\t\t            <div class=\"tlg-posts-content\">\n\t\t\t              \t<a href=\"https:\/\/fdbible.org\/en\/the-sadness-of-the-carriage-and-the-joy-of-the-hay\/\" class=\"tlg-posts-title\" title=\"THE SADNESS OF THE CARRIAGE AND THE JOY OF THE HAY\">THE SADNESS OF THE CARRIAGE AND THE JOY OF THE HAY<\/a>\n\t\t\t              \t<div class=\"tlg-posts-meta\">\n\t\t\t\t\t\t\t\t\t\t\t\t                \t<span class=\"tlg-posts-date\">23\/12\/2025<\/span>\n\t\t\t\t                \t\t\t\t\t\t\t\t\t\t\t              \t<\/div>\n\t\t\t            <\/div>\n\t\t\t        <\/li>\n\t\t\t\t\t\t\t        <li class=\"tlg-posts-item\">\n\t\t\t        \t\t\t\t            <div class=\"tlg-posts-thumbnail\">\n\t\t\t             \t <a href=\"https:\/\/fdbible.org\/en\/the-baptism-of-tiger-nut-milk\/\" title=\"THE BAPTISM OF TIGER NUT MILK\">\n\t\t\t\t\t\t\t\t<img loading=\"lazy\" decoding=\"async\" width=\"150\" height=\"150\" src=\"https:\/\/fdbible.org\/wp-content\/uploads\/2025\/12\/horchata-150x150.jpeg\" class=\"attachment-thumbnail size-thumbnail wp-post-image\" alt=\"\" srcset=\"https:\/\/fdbible.org\/wp-content\/uploads\/2025\/12\/horchata-150x150.jpeg 150w, https:\/\/fdbible.org\/wp-content\/uploads\/2025\/12\/horchata-60x60.jpeg 60w, https:\/\/fdbible.org\/wp-content\/uploads\/2025\/12\/horchata-300x300.jpeg 300w, https:\/\/fdbible.org\/wp-content\/uploads\/2025\/12\/horchata-100x100.jpeg 100w\" sizes=\"auto, (max-width: 150px) 100vw, 150px\" \/>\t\t\t              \t<\/a>\n\t\t\t            <\/div>\n\t\t\t        \t\t\t\t            <div class=\"tlg-posts-content\">\n\t\t\t              \t<a href=\"https:\/\/fdbible.org\/en\/the-baptism-of-tiger-nut-milk\/\" class=\"tlg-posts-title\" title=\"THE BAPTISM OF TIGER NUT MILK\">THE BAPTISM OF TIGER NUT MILK<\/a>\n\t\t\t              \t<div class=\"tlg-posts-meta\">\n\t\t\t\t\t\t\t\t\t\t\t\t                \t<span class=\"tlg-posts-date\">22\/12\/2025<\/span>\n\t\t\t\t                \t\t\t\t\t\t\t\t\t\t\t              \t<\/div>\n\t\t\t            <\/div>\n\t\t\t        <\/li>\n\t\t\t\t\t\t\t        <li class=\"tlg-posts-item\">\n\t\t\t        \t\t\t\t            <div class=\"tlg-posts-thumbnail\">\n\t\t\t             \t <a href=\"https:\/\/fdbible.org\/en\/the-treasures-of-shepherd-gila-and-the-prodigal-son\/\" title=\"THE TREASURES OF SHEPHERD GIL\u00c1 AND THE PRODIGAL SON\">\n\t\t\t\t\t\t\t\t<img loading=\"lazy\" decoding=\"async\" width=\"150\" height=\"150\" src=\"https:\/\/fdbible.org\/wp-content\/uploads\/2025\/12\/Gila-150x150.jpeg\" class=\"attachment-thumbnail size-thumbnail wp-post-image\" alt=\"\" srcset=\"https:\/\/fdbible.org\/wp-content\/uploads\/2025\/12\/Gila-150x150.jpeg 150w, https:\/\/fdbible.org\/wp-content\/uploads\/2025\/12\/Gila-60x60.jpeg 60w, https:\/\/fdbible.org\/wp-content\/uploads\/2025\/12\/Gila-300x300.jpeg 300w, https:\/\/fdbible.org\/wp-content\/uploads\/2025\/12\/Gila-100x100.jpeg 100w\" sizes=\"auto, (max-width: 150px) 100vw, 150px\" \/>\t\t\t              \t<\/a>\n\t\t\t            <\/div>\n\t\t\t        \t\t\t\t            <div class=\"tlg-posts-content\">\n\t\t\t              \t<a href=\"https:\/\/fdbible.org\/en\/the-treasures-of-shepherd-gila-and-the-prodigal-son\/\" class=\"tlg-posts-title\" title=\"THE TREASURES OF SHEPHERD GIL\u00c1 AND THE PRODIGAL SON\">THE TREASURES OF SHEPHERD GIL\u00c1 AND THE PRODIGAL SON<\/a>\n\t\t\t              \t<div class=\"tlg-posts-meta\">\n\t\t\t\t\t\t\t\t\t\t\t\t                \t<span class=\"tlg-posts-date\">19\/12\/2025<\/span>\n\t\t\t\t                \t\t\t\t\t\t\t\t\t\t\t              \t<\/div>\n\t\t\t            <\/div>\n\t\t\t        <\/li>\n\t\t\t\t\t\t\t    <\/ul>\n\t\t\t\t<\/div>\t\t\t\t<\/div><\/div><\/div><\/section>[\/vc_column][\/vc_row]<\/p>\n<\/div>","protected":false},"excerpt":{"rendered":"<p>[vc_row][vc_column][\/vc_column][\/vc_row]<\/p>\n","protected":false},"author":1,"featured_media":0,"parent":0,"menu_order":0,"comment_status":"closed","ping_status":"closed","template":"","meta":{"give_campaign_id":0,"footnotes":""},"class_list":["post-5826","page","type-page","status-publish","hentry"],"campaignId":"","_links":{"self":[{"href":"https:\/\/fdbible.org\/en\/wp-json\/wp\/v2\/pages\/5826","targetHints":{"allow":["GET"]}}],"collection":[{"href":"https:\/\/fdbible.org\/en\/wp-json\/wp\/v2\/pages"}],"about":[{"href":"https:\/\/fdbible.org\/en\/wp-json\/wp\/v2\/types\/page"}],"author":[{"embeddable":true,"href":"https:\/\/fdbible.org\/en\/wp-json\/wp\/v2\/users\/1"}],"replies":[{"embeddable":true,"href":"https:\/\/fdbible.org\/en\/wp-json\/wp\/v2\/comments?post=5826"}],"version-history":[{"count":1,"href":"https:\/\/fdbible.org\/en\/wp-json\/wp\/v2\/pages\/5826\/revisions"}],"predecessor-version":[{"id":5828,"href":"https:\/\/fdbible.org\/en\/wp-json\/wp\/v2\/pages\/5826\/revisions\/5828"}],"wp:attachment":[{"href":"https:\/\/fdbible.org\/en\/wp-json\/wp\/v2\/media?parent=5826"}],"curies":[{"name":"wp","href":"https:\/\/api.w.org\/{rel}","templated":true}]}}