{"id":4920,"date":"2025-11-19T02:17:55","date_gmt":"2025-11-19T01:17:55","guid":{"rendered":"https:\/\/pruebas.fdbible.org\/?page_id=4920"},"modified":"2025-11-27T18:48:05","modified_gmt":"2025-11-27T17:48:05","slug":"contact-us","status":"publish","type":"page","link":"https:\/\/fdbible.org\/en\/contact-us\/","title":{"rendered":"CONTACT US"},"content":{"rendered":"<div class=\"wpb-content-wrapper\"><p>[vc_row tlg_background_style=&#8221;bg-secondary&#8221; tlg_padding=&#8221;pb0&#8243;][vc_column width=&#8221;1\/4&#8243;]<div class=\"headings-title\"><div class=\"display-table mb16 mb-xs-40 text-left\"><div class=\"display-cell vertical-top\" style=\"width:5%;\"><i  class=\"ti-location-pin mr-15 ms-text\"><\/i><\/div><div class=\"display-cell\"><h5  class=\"widgettitle mb0\">Fundaci\u00f3n Digital Bible<\/h5><div  class=\"widgetsubtitle\">Ant\u00f3n Paz M\u00edguez 7 - Pobra do Carami\u00f1al - A Coru\u00f1a.<\/div><\/div><\/div><\/div><div class=\"icon_title_list-content icon-list\"><ul class=\"icon_title_list\"><li><span class=\"inline-block mb8 mr-15\"><i style=\"color:#dbdbdb;\" class=\"ti-mobile  inline-block\"><\/i><\/span><span>+34 981832748<\/span><\/li><li><span class=\"inline-block mb8 mr-15\"><i style=\"color:#dbdbdb;\" class=\"ti-email  inline-block\"><\/i><\/span><span>fdbible@fdbible.org<\/span><\/li><\/ul><\/div>[\/vc_column][vc_column width=&#8221;3\/4&#8243;]\n<div class=\"wpcf7 no-js\" id=\"wpcf7-f4922-o1\" lang=\"es-ES\" dir=\"ltr\" data-wpcf7-id=\"4922\">\n<div class=\"screen-reader-response\"><p role=\"status\" aria-live=\"polite\" aria-atomic=\"true\"><\/p> <ul><\/ul><\/div>\n<form action=\"\/en\/wp-json\/wp\/v2\/pages\/4920#wpcf7-f4922-o1\" method=\"post\" class=\"wpcf7-form init\" aria-label=\"Formulario de contacto\" novalidate=\"novalidate\" data-status=\"init\">\n<fieldset class=\"hidden-fields-container\"><input type=\"hidden\" name=\"_wpcf7\" value=\"4922\" \/><input type=\"hidden\" name=\"_wpcf7_version\" value=\"6.1.4\" \/><input type=\"hidden\" name=\"_wpcf7_locale\" value=\"es_ES\" \/><input type=\"hidden\" name=\"_wpcf7_unit_tag\" value=\"wpcf7-f4922-o1\" \/><input type=\"hidden\" name=\"_wpcf7_container_post\" value=\"0\" \/><input type=\"hidden\" name=\"_wpcf7_posted_data_hash\" value=\"\" \/>\n<\/fieldset>\n<div class=\"wpcf7-turnstile cf-turnstile\" data-sitekey=\"0x4AAAAAACGGk6VospQbus8J\" data-response-field-name=\"_wpcf7_turnstile_response\"><\/div>\n\n<div class=\"overflow-hidden\">\n\t<div class=\"half-column half-column-left\">\n\t\t<p><span class=\"wpcf7-form-control-wrap\" data-name=\"your-name\"><input size=\"40\" maxlength=\"400\" class=\"wpcf7-form-control wpcf7-text wpcf7-validates-as-required\" aria-required=\"true\" aria-invalid=\"false\" placeholder=\"Name\" value=\"\" type=\"text\" name=\"your-name\" \/><\/span>\n\t\t<\/p>\n\t<\/div>\n\t<div class=\"half-column half-column-right\">\n\t\t<p><span class=\"wpcf7-form-control-wrap\" data-name=\"your-email\"><input size=\"40\" maxlength=\"400\" class=\"wpcf7-form-control wpcf7-email wpcf7-validates-as-required wpcf7-text wpcf7-validates-as-email\" aria-required=\"true\" aria-invalid=\"false\" placeholder=\"Email\" value=\"\" type=\"email\" name=\"your-email\" \/><\/span>\n\t\t<\/p>\n\t<\/div>\n<\/div>\n<p><span class=\"wpcf7-form-control-wrap\" data-name=\"text-32\"><input size=\"40\" maxlength=\"30\" minlength=\"4\" class=\"wpcf7-form-control wpcf7-text wpcf7-validates-as-required\" aria-required=\"true\" aria-invalid=\"false\" placeholder=\"Subject\" value=\"\" type=\"text\" name=\"text-32\" \/><\/span><span class=\"wpcf7-form-control-wrap\" data-name=\"textarea-262\"><textarea cols=\"40\" rows=\"10\" maxlength=\"600\" minlength=\"50\" class=\"wpcf7-form-control wpcf7-textarea wpcf7-validates-as-required\" aria-required=\"true\" aria-invalid=\"false\" placeholder=\"Write your message here ...\" name=\"textarea-262\"><\/textarea><\/span><br \/>\n<span class=\"wpcf7-form-control-wrap\" data-name=\"acceptance-339\"><span class=\"wpcf7-form-control wpcf7-acceptance\"><span class=\"wpcf7-list-item\"><label><input type=\"checkbox\" name=\"acceptance-339\" value=\"1\" aria-invalid=\"false\" \/><span class=\"wpcf7-list-item-label\">*I accept the terms and conditions and <a href=\"https:\/\/fdbible.org\/en\/privacy-policy\/\"> privacy policy.<\/a><\/span><\/label><\/span><\/span><\/span>\n<\/p>\n<p class=\"alignright small-width\"><input class=\"wpcf7-form-control wpcf7-submit has-spinner\" type=\"submit\" value=\"Send Message\" \/>\n<\/p><div class=\"wpcf7-response-output\" aria-hidden=\"true\"><\/div>\n<\/form>\n<\/div>\n[\/vc_column][\/vc_row]<\/p>\n<\/div>","protected":false},"excerpt":{"rendered":"<p>[vc_row tlg_background_style=&#8221;bg-secondary&#8221; tlg_padding=&#8221;pb0&#8243;][vc_column width=&#8221;1\/4&#8243;][\/vc_column][vc_column width=&#8221;3\/4&#8243;][\/vc_column][\/vc_row]<\/p>\n","protected":false},"author":1,"featured_media":5168,"parent":0,"menu_order":0,"comment_status":"closed","ping_status":"closed","template":"","meta":{"give_campaign_id":0,"footnotes":""},"class_list":["post-4920","page","type-page","status-publish","has-post-thumbnail","hentry"],"campaignId":"","_links":{"self":[{"href":"https:\/\/fdbible.org\/en\/wp-json\/wp\/v2\/pages\/4920","targetHints":{"allow":["GET"]}}],"collection":[{"href":"https:\/\/fdbible.org\/en\/wp-json\/wp\/v2\/pages"}],"about":[{"href":"https:\/\/fdbible.org\/en\/wp-json\/wp\/v2\/types\/page"}],"author":[{"embeddable":true,"href":"https:\/\/fdbible.org\/en\/wp-json\/wp\/v2\/users\/1"}],"replies":[{"embeddable":true,"href":"https:\/\/fdbible.org\/en\/wp-json\/wp\/v2\/comments?post=4920"}],"version-history":[{"count":5,"href":"https:\/\/fdbible.org\/en\/wp-json\/wp\/v2\/pages\/4920\/revisions"}],"predecessor-version":[{"id":5172,"href":"https:\/\/fdbible.org\/en\/wp-json\/wp\/v2\/pages\/4920\/revisions\/5172"}],"wp:featuredmedia":[{"embeddable":true,"href":"https:\/\/fdbible.org\/en\/wp-json\/wp\/v2\/media\/5168"}],"wp:attachment":[{"href":"https:\/\/fdbible.org\/en\/wp-json\/wp\/v2\/media?parent=4920"}],"curies":[{"name":"wp","href":"https:\/\/api.w.org\/{rel}","templated":true}]}}