{"id":4833,"date":"2025-11-17T21:54:20","date_gmt":"2025-11-17T20:54:20","guid":{"rendered":"https:\/\/pruebas.fdbible.org\/?page_id=4833"},"modified":"2025-11-28T21:19:29","modified_gmt":"2025-11-28T20:19:29","slug":"best-practices-best-governance-code","status":"publish","type":"page","link":"https:\/\/fdbible.org\/en\/best-practices-best-governance-code\/","title":{"rendered":"BEST PRACTICES &amp; BEST GOVERNANCE CODE"},"content":{"rendered":"<div class=\"wpb-content-wrapper\"><p>[vc_row tlg_background_style=&#8221;bg-secondary&#8221; tlg_white_color=&#8221;color-white&#8221; tlg_text_align=&#8221;text-center&#8221;][vc_column]<div class=\"headings-title\"><div class=\"mb72  mb-xs-40 text-center\"><h5 style=\"color:#555050!important;\" class=\"widgettitle \">BEST PRACTICES & BEST GOVERNANCE CODE<\/h5><div class=\"divider-wrap\"><i style=\"color:#555050!important;\" class=\"ti-angle-double-down\"><\/i><div class=\"tlg-divider\"><\/div><\/div><div style=\"color:#555050!important;\" class=\"widgetsubtitle\">La FDB se rige por un c\u00f3digo \u00e9tico de Buen Gobierno y buenas pr\u00e1cticas para realizar en todo momento una gesti\u00f3n completamente honesta y transparente.<\/div><\/div><\/div><div class=\"\"><a  id=\"btn-69ff315f01e06\" class=\"btn  ti-cloud-down  btn-sm-sm\" href= \"\/Archivos\/codigo_buen_gobierno.pdf\" target=\"_self\" >BEST GOVERNANCE CODE<\/a><\/div><div class=\"\"><a  id=\"btn-69ff315f01e5f\" class=\"btn  ti-cloud-down  btn-sm-sm\" href= \"\/Archivos\/codigo_inversiones_financieras.pdf\" target=\"_self\" >FINANCIAL INVESTMENTS CODE<\/a><\/div><div class=\"\"><a  id=\"btn-69ff315f01e8e\" class=\"btn  ti-cloud-down  btn-sm-sm\" href= \"\/Archivos\/blanqueo_capitales.pdf\" target=\"_self\" >MONEY LAUNDERING AND TERRORISM PREVENTION CODE<\/a><\/div>[\/vc_column][\/vc_row]<\/p>\n<\/div>","protected":false},"excerpt":{"rendered":"<p>[vc_row tlg_background_style=&#8221;bg-secondary&#8221; tlg_white_color=&#8221;color-white&#8221; tlg_text_align=&#8221;text-center&#8221;][vc_column][\/vc_column][\/vc_row]<\/p>\n","protected":false},"author":1,"featured_media":5147,"parent":0,"menu_order":0,"comment_status":"closed","ping_status":"closed","template":"","meta":{"give_campaign_id":0,"footnotes":""},"class_list":["post-4833","page","type-page","status-publish","has-post-thumbnail","hentry"],"campaignId":"","_links":{"self":[{"href":"https:\/\/fdbible.org\/en\/wp-json\/wp\/v2\/pages\/4833","targetHints":{"allow":["GET"]}}],"collection":[{"href":"https:\/\/fdbible.org\/en\/wp-json\/wp\/v2\/pages"}],"about":[{"href":"https:\/\/fdbible.org\/en\/wp-json\/wp\/v2\/types\/page"}],"author":[{"embeddable":true,"href":"https:\/\/fdbible.org\/en\/wp-json\/wp\/v2\/users\/1"}],"replies":[{"embeddable":true,"href":"https:\/\/fdbible.org\/en\/wp-json\/wp\/v2\/comments?post=4833"}],"version-history":[{"count":10,"href":"https:\/\/fdbible.org\/en\/wp-json\/wp\/v2\/pages\/4833\/revisions"}],"predecessor-version":[{"id":5609,"href":"https:\/\/fdbible.org\/en\/wp-json\/wp\/v2\/pages\/4833\/revisions\/5609"}],"wp:featuredmedia":[{"embeddable":true,"href":"https:\/\/fdbible.org\/en\/wp-json\/wp\/v2\/media\/5147"}],"wp:attachment":[{"href":"https:\/\/fdbible.org\/en\/wp-json\/wp\/v2\/media?parent=4833"}],"curies":[{"name":"wp","href":"https:\/\/api.w.org\/{rel}","templated":true}]}}