{"id":4703,"date":"2025-11-17T02:34:50","date_gmt":"2025-11-17T01:34:50","guid":{"rendered":"https:\/\/pruebas.fdbible.org\/?page_id=4703"},"modified":"2025-11-23T23:00:30","modified_gmt":"2025-11-23T22:00:30","slug":"boards-decisions","status":"publish","type":"page","link":"https:\/\/fdbible.org\/en\/boards-decisions\/","title":{"rendered":"BOARD\u2019S DECISIONS"},"content":{"rendered":"<div class=\"wpb-content-wrapper\"><p>[vc_row full_width=&#8221;stretch_row&#8221;][vc_column width=&#8221;1\/6&#8243; css=&#8221;.vc_custom_1462517010813{padding-top: 10% !important;padding-right: 10% !important;padding-bottom: 10% !important;padding-left: 10% !important;background-color: #f4f4f4 !important;}&#8221;][\/vc_column][vc_column width=&#8221;2\/3&#8243; css=&#8221;.vc_custom_1462517024884{padding-top: 10% !important;padding-right: 10% !important;padding-bottom: 10% !important;padding-left: 10% !important;}&#8221;]<div class=\"headings-title\"><div class=\"mb72  mb-xs-40 text-center\"><h5  class=\"widgettitle \">ACUERDOS DE GOBIERNO<\/h5><div class=\"divider-wrap\"><i  class=\"ti-user\"><\/i><div class=\"tlg-divider\"><\/div><\/div><\/div><\/div>[vc_column_text css=&#8221;&#8221;]<\/p>\n<p class=\"rtejustify\">This is the first year of the FDB, so we will be placing in this section the different agreements made by the Board of Trustees. We believe that our management and our organization must be transparent, so we will provide in this section documents and reports on Board\u2019s decisions. We believe that there must be transparency in the management and reports of the FDB, so that whomever person can check whenever he\/she is interested.<\/p>\n<p class=\"rtejustify\"><strong><em>All information in this regard shall be organized by completed calendar years.<\/em><\/strong><\/p>\n<p>[\/vc_column_text]<div id=\"accordion-69e241a5109eb\"><ul class=\"accordion accordion-style-1 accordion-auto-close \"><li><div class=\"title\"><span>REUNIONES DEL A\u00d1O 2020<\/span><\/div><div class=\"content\"><\/p>\n<table class=\"table table-bordered table-striped\">\n<thead>\n<tr>\n<th class=\"rtejustify\">A\u00d1O Y REUNI\u00d3N<\/th>\n<th class=\"rtejustify\">FECHA<\/th>\n<th class=\"rtejustify\">ACUERDOS<\/th>\n<\/tr>\n<\/thead>\n<tbody>\n<tr>\n<td class=\"rtejustify\" data-title=\"A\u00d1O Y REUNI\u00d3N\">2020 &#8211; 15\u00aa Reuni\u00f3n<\/td>\n<td class=\"rtejustify\" data-title=\"FECHA\">28 de Febrero de 2020<\/td>\n<td data-title=\"ACUERDOS\">\n<ul class=\"list\">\n<li class=\"rtejustify\">Aprobaci\u00f3n de las cuentas del ejercicio de 2019.<\/li>\n<li class=\"rtejustify\">Aceptaci\u00f3n de las Donaciones recibidas a lo largo de 2019.<\/li>\n<li class=\"rtejustify\">Aprobaci\u00f3n del Inventariado Completo con especificaci\u00f3n de inventariado de 2019.<\/li>\n<li class=\"rtejustify\">Aprobaci\u00f3n de la Memoria anual General del a\u00f1o 2019.<\/li>\n<li class=\"rtejustify\">Aprobaci\u00f3n del Convenio de colaboraci\u00f3n con la empresa Pincheiro.<\/li>\n<li class=\"rtejustify\">Aprobaci\u00f3n del Acta de la reuni\u00f3n 15\u00aa.<\/li>\n<\/ul>\n<\/td>\n<\/tr>\n<\/tbody>\n<\/table>\n<p>\n<\/div><\/li><li><div class=\"title\"><span>REUNIONES DEL A\u00d1O 2019<\/span><\/div><div class=\"content\"><\/p>\n<table class=\"table table-bordered table-striped\">\n<thead>\n<tr>\n<th class=\"rtejustify\">A\u00d1O Y REUNI\u00d3N<\/th>\n<th class=\"rtejustify\">FECHA<\/th>\n<th class=\"rtejustify\">ACUERDOS<\/th>\n<\/tr>\n<\/thead>\n<tbody>\n<tr>\n<td class=\"rtejustify\" data-title=\"A\u00d1O Y REUNI\u00d3N\">2019 &#8211; 14\u00aa Reuni\u00f3n<\/td>\n<td class=\"rtejustify\" data-title=\"FECHA\">21 de Diciembre de 2019<\/td>\n<td data-title=\"ACUERDOS\">\n<ul class=\"list\">\n<li class=\"rtejustify\">Propuesta de contactos para la promoci\u00f3n y difusi\u00f3n.<\/li>\n<li class=\"rtejustify\">Propuesta y aprobaci\u00f3n del Proyecto de Sostenibilidad.<\/li>\n<li class=\"rtejustify\">Aprobaci\u00f3n de la redirecci\u00f3n de los fondos de la Beca-Premio eBible para los proyectos prioritarios de sostenibilidad.<\/li>\n<li class=\"rtejustify\">Aprobaci\u00f3n del Plan Anual de Actuaci\u00f3n y Presupuesto para 2020.<\/li>\n<li class=\"rtejustify\">Aprobaci\u00f3n del Acta de la reuni\u00f3n 14\u00aa.<\/li>\n<\/ul>\n<\/td>\n<\/tr>\n<\/tbody>\n<tbody>\n<tr>\n<td class=\"rtejustify\" data-title=\"A\u00d1O Y REUNI\u00d3N\">2019 &#8211; 13\u00aa Reuni\u00f3n<\/td>\n<td class=\"rtejustify\" data-title=\"FECHA\">3 de Marzo del 2019<\/td>\n<td data-title=\"ACUERDOS\">\n<ul class=\"list\">\n<li class=\"rtejustify\">Aprobaci\u00f3n de las cuentas del ejercicio de 2018.<\/li>\n<li class=\"rtejustify\">Aceptaci\u00f3n de las Donaciones recibidas a lo largo de 2018.<\/li>\n<li class=\"rtejustify\">Aprobaci\u00f3n del Inventariado Completo con especificaci\u00f3n de inventariado de 2018.<\/li>\n<li class=\"rtejustify\">Aprobaci\u00f3n de la Memoria anual General del a\u00f1o 2018.<\/li>\n<\/ul>\n<\/td>\n<\/tr>\n<\/tbody>\n<tbody>\n<tr>\n<td class=\"rtejustify\" data-title=\"A\u00d1O Y REUNI\u00d3N\">2019 &#8211; 12\u00aa Reuni\u00f3n<\/td>\n<td class=\"rtejustify\" data-title=\"FECHA\">9 de enero del 2019<\/td>\n<td data-title=\"ACUERDOS\">\n<ul class=\"list\">\n<li class=\"rtejustify\">Aprobaci\u00f3n de la renovaci\u00f3n del Convenio de colaboraci\u00f3n con Editorial Mendaur.<\/li>\n<li class=\"rtejustify\">Aprobaci\u00f3n de la renovaci\u00f3n del Convenio de colaboraci\u00f3n con Digitaltube.<\/li>\n<li class=\"rtejustify\">Aprobaci\u00f3n de la renovaci\u00f3n del Convenio de colaboraci\u00f3n con D. Xo\u00e1n Manuel Neira P\u00e9rez para la cesi\u00f3n gratuita de derechos de autor de las l\u00e1minas de la eBible.<\/li>\n<li class=\"rtejustify\">Aprobaci\u00f3n de la renovaci\u00f3n del Convenio de colaboraci\u00f3n con D\u00aa Teresa Zulaica Arsuaga para el estudio y edici\u00f3n del Epistolario in\u00e9dito del P. Donost\u00eda y su divulgaci\u00f3n.<\/li>\n<\/ul>\n<\/td>\n<\/tr>\n<\/tbody>\n<\/table>\n<p>\n<\/div><\/li><li><div class=\"title\"><span>REUNIONES DEL A\u00d1O 2018<\/span><\/div><div class=\"content\"><\/p>\n<table class=\"table table-bordered table-striped\">\n<thead>\n<tr>\n<th class=\"rtejustify\">A\u00d1O Y REUNI\u00d3N<\/th>\n<th class=\"rtejustify\">FECHA<\/th>\n<th class=\"rtejustify\">ACUERDOS<\/th>\n<\/tr>\n<\/thead>\n<tbody>\n<tr>\n<td class=\"rtejustify\" data-title=\"A\u00d1O Y REUNI\u00d3N\">2018 &#8211; 11\u00aa Reuni\u00f3n<\/td>\n<td class=\"rtejustify\" data-title=\"FECHA\">21 de Diciembre del 2018<\/td>\n<td data-title=\"ACUERDOS\">\n<ul class=\"list\">\n<li class=\"rtejustify\">Renovaci\u00f3n de las propuestas de creaciones y gesti\u00f3n de la Fundaci\u00f3n y actualizaci\u00f3n de costes y dimensiones. Documento marco para la formalizaci\u00f3n de convenios.<\/li>\n<li class=\"rtejustify\">Renovaci\u00f3n de los convenios de colaboraci\u00f3n.<\/li>\n<li class=\"rtejustify\">Asistencia a las reuniones en Roma y elaboraci\u00f3n de Proyecto para la difusi\u00f3n y comunicaci\u00f3n<\/li>\n<li class=\"rtejustify\">Propuestas para la gesti\u00f3n de la App.<\/li>\n<li class=\"rtejustify\">Propuestas para la Beca-Premio eBible en 2019.<\/li>\n<li class=\"rtejustify\">Propuestas de futuro: Autofinanciaci\u00f3n de la Fundaci\u00f3n.<\/li>\n<li class=\"rtejustify\">Aprobaci\u00f3n del Plan Anual de Actuaci\u00f3n para 2019 y el objetivo central de la promoci\u00f3n de la App.<\/li>\n<\/ul>\n<\/td>\n<\/tr>\n<\/tbody>\n<tbody>\n<tr>\n<td class=\"rtejustify\" data-title=\"A\u00d1O Y REUNI\u00d3N\">2018 &#8211; 10\u00aa Reuni\u00f3n<\/td>\n<td class=\"rtejustify\" data-title=\"FECHA\">21 de abril de 2018<\/td>\n<td data-title=\"ACUERDOS\">\n<ul class=\"list\">\n<li class=\"rtejustify\">Aprobaci\u00f3n para que el Presidente revise de las actividades y productos creados por la Fundaci\u00f3n<\/li>\n<li class=\"rtejustify\">Renovaci\u00f3n y aprobaci\u00f3n de los convenios de la Fundaci\u00f3n con Editorial Mendaur,Digitaltube, D. Xo\u00e1n Manuel Neira P\u00e9rez, D\u00aa. Teresa Zulaica Arsuaga: Del 21 de abril de 2018 hasta el 21 de abril de 2021.<\/li>\n<\/ul>\n<\/td>\n<\/tr>\n<\/tbody>\n<tbody>\n<tr>\n<td class=\"rtejustify\" data-title=\"A\u00d1O Y REUNI\u00d3N\">2018 &#8211; 9\u00aa Reuni\u00f3n<\/td>\n<td class=\"rtejustify\" data-title=\"FECHA\">21 de abril de 2018<\/td>\n<td data-title=\"ACUERDOS\">\n<ul class=\"list\">\n<li class=\"rtejustify\">Designaci\u00f3n de los miembros del nuevo Patronato de la Fundaci\u00f3n<\/li>\n<li class=\"rtejustify\">Aceptaci\u00f3n de los Patronos designados para el nuevo Patreonato de la Fundaci\u00f3n<\/li>\n<li class=\"rtejustify\">Designaci\u00f3n y aceptaci\u00f3n de los cargos de Secretario y Vicepresidente en los Patronos designados.<\/li>\n<\/ul>\n<\/td>\n<\/tr>\n<\/tbody>\n<tbody>\n<tr>\n<td class=\"rtejustify\" data-title=\"A\u00d1O Y REUNI\u00d3N\">2018 &#8211; 8\u00aa Reuni\u00f3n<\/td>\n<td class=\"rtejustify\" data-title=\"FECHA\">31 de marzo de 2018<\/td>\n<td data-title=\"ACUERDOS\">\n<ul class=\"list\">\n<li class=\"rtejustify\">Aprobaci\u00f3n de las cuentas del ejercicio de 2017<\/li>\n<li class=\"rtejustify\">Aceptaci\u00f3n de las Donaciones recibidas a lo largo de 2017<\/li>\n<li class=\"rtejustify\">Aprobaci\u00f3n de la Memoria anual General del a\u00f1o 2017<\/li>\n<li class=\"rtejustify\">Aprobaci\u00f3n de la Memoria del primer trienio de la Fundaci\u00f3n 2015-2017<\/li>\n<li class=\"rtejustify\">Aprobaci\u00f3n del Inventariado General del primer trienio de la Fundaci\u00f3n 2015-2017.<\/li>\n<\/ul>\n<\/td>\n<\/tr>\n<\/tbody>\n<\/table>\n<p>\n<\/div><\/li><li><div class=\"title\"><span>REUNIONES DEL A\u00d1O 2017<\/span><\/div><div class=\"content\"><\/p>\n<table class=\"table table-bordered table-striped\">\n<thead>\n<tr>\n<th class=\"rtejustify\">A\u00d1O Y REUNI\u00d3N<\/th>\n<th class=\"rtejustify\">FECHA<\/th>\n<th class=\"rtejustify\">ACUERDOS<\/th>\n<\/tr>\n<\/thead>\n<tbody>\n<tr>\n<td class=\"rtejustify\" data-title=\"A\u00d1O Y REUNI\u00d3N\">2017 &#8211; 7\u00aa Reuni\u00f3n<\/td>\n<td class=\"rtejustify\" data-title=\"FECHA\">21 de diciembre de 2017<\/td>\n<td data-title=\"ACUERDOS\">\n<ul class=\"list\">\n<li class=\"rtejustify\">Exposici\u00f3n de la Nueva Web de la Fundaci\u00f3n<\/li>\n<li class=\"rtejustify\">Exposici\u00f3n das dos Aplicaciones Inform\u00e1ticas para la Fundaci\u00f3n<\/li>\n<li class=\"rtejustify\">Informaci\u00f3n de la pr\u00f3xima reuni\u00f3n en Roma en 2018<\/li>\n<li class=\"rtejustify\">Propuesta de continuidad de la Beca eBible en 2018<\/li>\n<li class=\"rtejustify\">Aprobaci\u00f3n de la pr\u00f3rroga de los Convenios subscritos por la Fundaci\u00f3n con Editorial Mendaur, Digitaltube, D. Xo\u00e1n Manuel Neira P\u00e9rez, D\u00aa. Teresa Zulaica Arsuaga<\/li>\n<li class=\"rtejustify\">Aprobaci\u00f3n del nuevo producto de la Fundaci\u00f3n denominado \u201cBiblito\u201d<\/li>\n<li class=\"rtejustify\">Comunicaci\u00f3n de la construcci\u00f3n del nuevo Estudio de Grabaci\u00f3n y V\u00eddeo<\/li>\n<li class=\"rtejustify\">Aprobaci\u00f3n del Plan de actuaci\u00f3n para 2018<\/li>\n<li class=\"rtejustify\">Aprobaci\u00f3n de la Memoria anual General del a\u00f1o 2015.<\/li>\n<li class=\"rtejustify\">Aprobaci\u00f3n del Presupuesto para el ejercicio de 2018.<\/li>\n<\/ul>\n<\/td>\n<\/tr>\n<\/tbody>\n<tbody>\n<tr>\n<td class=\"rtejustify\" data-title=\"A\u00d1O Y REUNI\u00d3N\">2017 &#8211; 6\u00aa Reuni\u00f3n<\/td>\n<td class=\"rtejustify\" data-title=\"FECHA\">27 de marzo de 2017<\/td>\n<td data-title=\"ACUERDOS\">\n<ul class=\"list\">\n<li class=\"rtejustify\">Concesi\u00f3n de permiso al presidente para realizar el curso de Especialista en gesti\u00f3n de Fundaciones<\/li>\n<li class=\"rtejustify\">Aprobaci\u00f3n de la Memoria anual General de 2016<\/li>\n<li class=\"rtejustify\">Aprobaci\u00f3n de las cuentas del ejercicio de 2016<\/li>\n<li class=\"rtejustify\">Aceptaci\u00f3n de las Donaciones recibidas a lo largo de 2016<\/li>\n<li class=\"rtejustify\">Aprobaci\u00f3n del Reglamento y Constituci\u00f3n del Cl\u00faster<\/li>\n<li class=\"rtejustify\">Aprobaci\u00f3n de la reestructuraci\u00f3n del tama\u00f1o y coste de los eBooks<\/li>\n<li class=\"rtejustify\">Aprobaci\u00f3n de la propuesta de poner un precio de cobro por utilizar los productos de la Fundaci\u00f3n.<\/li>\n<\/ul>\n<\/td>\n<\/tr>\n<\/tbody>\n<\/table>\n<p>\n<\/div><\/li><li><div class=\"title\"><span>REUNIONES DEL A\u00d1O 2016<\/span><\/div><div class=\"content\"><\/p>\n<table class=\"table table-bordered table-striped\">\n<thead>\n<tr>\n<th class=\"rtejustify\">A\u00d1O Y REUNI\u00d3N<\/th>\n<th class=\"rtejustify\">FECHA<\/th>\n<th class=\"rtejustify\">ACUERDOS<\/th>\n<\/tr>\n<\/thead>\n<tbody>\n<tr>\n<td class=\"rtejustify\" data-title=\"A\u00d1O Y REUNI\u00d3N\">2016 &#8211; 5\u00aa Reuni\u00f3n<\/td>\n<td class=\"rtejustify\" data-title=\"FECHA\">21 Diciembre 2016<\/td>\n<td data-title=\"ACUERDOS\">\n<ul class=\"list\">\n<li class=\"rtejustify\">Aprobaci\u00f3n de la creaci\u00f3n del Cl\u00faster eBible: Fundaci\u00f3n Digital Bible, Editorial Mendaur, Digitaltube.<\/li>\n<li class=\"rtejustify\">Modificaci\u00f3n de las Estatutos de la Fundaci\u00f3n Digital Bible.<\/li>\n<li class=\"rtejustify\">Creaci\u00f3n y aprobaci\u00f3n del Programa del Voluntariado eBible.<\/li>\n<li class=\"rtejustify\">Creaci\u00f3n y aprobaci\u00f3n de la Comisi\u00f3n \u201cOficina del Voluntariado eBible\u201d.<\/li>\n<li class=\"rtejustify\">Creaci\u00f3n y aprobaci\u00f3n del Consejo asesor y comit\u00e9 cient\u00edfico eBible.<\/li>\n<li class=\"rtejustify\">Aprobaci\u00f3n del C\u00f3digo de Inversiones Financieras Temporales.<\/li>\n<li class=\"rtejustify\">Entrega del Presidente del documento de sunci\u00f3n de responsabilidades.<\/li>\n<li class=\"rtejustify\">Aprobaci\u00f3n del c\u00f3digo de blanqueo de capitales y prevenci\u00f3n del terrorismo.<\/li>\n<li class=\"rtejustify\">Aprobaci\u00f3n del C\u00f3digo de Buen Gobierno.<\/li>\n<li class=\"rtejustify\">Aprobaci\u00f3n de la normativa de Transparencia en al Fundaci\u00f3n Digital Bible.<\/li>\n<li class=\"rtejustify\">Ampliaci\u00f3n del plazo de las Becas eBible.<\/li>\n<li class=\"rtejustify\">Creaci\u00f3n y aprobaci\u00f3n del Concurso de Teatro B\u00edblico.<\/li>\n<li class=\"rtejustify\">Aprobaci\u00f3n del Plan de actuaci\u00f3n para el ejercicio de 2017.<\/li>\n<li class=\"rtejustify\">Aprobaci\u00f3n del Presupuesto para elejercicio de 2017-02-07 Aprobaci\u00f3n del convenio de colaboraci\u00f3n con la empresa Digitaltube..<\/li>\n<\/ul>\n<\/td>\n<\/tr>\n<\/tbody>\n<tbody>\n<tr>\n<td class=\"rtejustify\" data-title=\"A\u00d1O Y REUNI\u00d3N\">2016 &#8211; 4\u00aa Reuni\u00f3n<\/td>\n<td class=\"rtejustify\" data-title=\"FECHA\">25 Mayo 2016<\/td>\n<td data-title=\"ACUERDOS\">\n<ul class=\"list\">\n<li class=\"rtejustify\">Aprobaci\u00f3n de la Memoria anual General del a\u00f1o 2015.<\/li>\n<li class=\"rtejustify\">Aprobaci\u00f3n de las cuentas del ejercicio de 2015.<\/li>\n<li class=\"rtejustify\">Aceptaci\u00f3n de las donaciones recibidas a lo largo de 2015.<\/li>\n<li class=\"rtejustify\">Aprobaci\u00f3n de la creaci\u00f3n de las Becas eBible.<\/li>\n<\/ul>\n<\/td>\n<\/tr>\n<\/tbody>\n<tbody>\n<tr>\n<td class=\"rtejustify\" data-title=\"A\u00d1O Y REUNI\u00d3N\">2016 &#8211; 3\u00aa Reuni\u00f3n<\/td>\n<td class=\"rtejustify\" data-title=\"FECHA\">9 Enero 2016<\/td>\n<td data-title=\"ACUERDOS\">\n<ul class=\"list\">\n<li class=\"rtejustify\">Aprobaci\u00f3n del Convenio de colaboraci\u00f3n con Editorial Mendaur.<\/li>\n<li class=\"rtejustify\">Aprobaci\u00f3n del convenio de colaboraci\u00f3n con el t\u00e9cnico audiovisual e inform\u00e1tico D.David G\u00f3mez P\u00e9rez.<\/li>\n<li class=\"rtejustify\">Aprobaci\u00f3n de un convenio de colaboraci\u00f3ncon D. Xo\u00e1n Mnauel Neira P\u00e9rez para la cesi\u00f3n gratuita de derechos de autor de las l\u00e1minas de la eBible.<\/li>\n<li class=\"rtejustify\">Aprobaci\u00f3n de un convenio de colaboraci\u00f3n con D\u00aa Teresa Zulaica Arsuaga para el estudio y edici\u00f3n del Epistolario in\u00e9dito del P. Donost\u00eda y su divulgaci\u00f3n.<\/li>\n<\/ul>\n<\/td>\n<\/tr>\n<\/tbody>\n<\/table>\n<p>\n<\/div><\/li><li><div class=\"title\"><span>REUNIONES DEL A\u00d1O 2015<\/span><\/div><div class=\"content\"><\/p>\n<table class=\"table table-bordered table-striped\">\n<thead>\n<tr>\n<th class=\"rtejustify\">A\u00d1O Y REUNI\u00d3N<\/th>\n<th class=\"rtejustify\">FECHA<\/th>\n<th class=\"rtejustify\">ACUERDOS<\/th>\n<\/tr>\n<\/thead>\n<tbody>\n<tr>\n<td class=\"rtejustify\" data-title=\"A\u00d1O Y REUNI\u00d3N\">2015 &#8211; 1\u00aa Reuni\u00f3n<\/td>\n<td class=\"rtejustify\" data-title=\"FECHA\">21 Abril 2015<\/td>\n<td data-title=\"ACUERDOS\">\n<ul class=\"list\">\n<li class=\"rtejustify\">Aprobaci\u00f3n del Plan de Actuaci\u00f3n para el ejercicio 2015.<\/li>\n<li class=\"rtejustify\">Incorporaci\u00f3n de D. Ildefonso Escribano de la Torre al grupo de \u201cHumanistas eBible\u201d.<\/li>\n<li class=\"rtejustify\">Incorporaci\u00f3n de D. Jos\u00e9 Ignacio Tellechea Id\u00edgoras al grupo de \u201cHumanistas eBible\u201d<\/li>\n<li class=\"rtejustify\">Legalizaci\u00f3n de los Libros de la Fundaci\u00f3n.<\/li>\n<\/ul>\n<\/td>\n<\/tr>\n<tr>\n<td class=\"rtejustify\" data-title=\"A\u00d1O Y REUNI\u00d3N\">2015 &#8211; 2\u00aa Reuni\u00f3n<\/td>\n<td class=\"rtejustify\" data-title=\"FECHA\">21 Diciembre 2015<\/td>\n<td data-title=\"ACUERDOS\">\n<ul class=\"list\">\n<li class=\"rtejustify\">Fundamentos de la Fundaci\u00f3n Digital Bible y misi\u00f3n del Proyecto eBible.<\/li>\n<li class=\"rtejustify\">Costes de valor de mercado de las creaciones y productos que forman las actividades de la Fundaci\u00f3n.<\/li>\n<li class=\"rtejustify\">Costes de los gastos de mantenimiento de la Fundaci\u00f3n.<\/li>\n<li class=\"rtejustify\">Caminos de sostenibilidad de la Fundaci\u00f3n Digital Bible: necesidad de donaciones yconvenios. Fundraising y convenios de colaboraci\u00f3n que abaraten los costes.<\/li>\n<li class=\"rtejustify\">Incorporaci\u00f3n del P. Donost\u00eda al grupo de \u201cHumanistas eBible\u201d.<\/li>\n<li class=\"rtejustify\">Asunci\u00f3n de responsabilidades por parte del Presidente.<\/li>\n<li class=\"rtejustify\">Aprobaci\u00f3n del Estatuto del Humanista eBible y edici\u00f3n de obras de Humanistas.<\/li>\n<li class=\"rtejustify\">Aprobaci\u00f3n del Plan de Actuaci\u00f3n para 2016.<\/li>\n<li class=\"rtejustify\">Aprobaci\u00f3n del Presupuesto para el ejercicio de 2016.<\/li>\n<\/ul>\n<\/td>\n<\/tr>\n<\/tbody>\n<\/table>\n<p>\n<\/div><\/li><\/ul><\/div>[\/vc_column][vc_column width=&#8221;1\/6&#8243;][\/vc_column][\/vc_row]<\/p>\n<\/div>","protected":false},"excerpt":{"rendered":"<p>[vc_row full_width=&#8221;stretch_row&#8221;][vc_column width=&#8221;1\/6&#8243; css=&#8221;.vc_custom_1462517010813{padding-top: 10% !important;padding-right: 10% !important;padding-bottom: 10% !important;padding-left: 10% !important;background-color: #f4f4f4 !important;}&#8221;][\/vc_column][vc_column width=&#8221;2\/3&#8243; css=&#8221;.vc_custom_1462517024884{padding-top:&#8230;<\/p>\n","protected":false},"author":1,"featured_media":5138,"parent":0,"menu_order":0,"comment_status":"closed","ping_status":"closed","template":"","meta":{"give_campaign_id":0,"footnotes":""},"class_list":["post-4703","page","type-page","status-publish","has-post-thumbnail","hentry"],"campaignId":"","_links":{"self":[{"href":"https:\/\/fdbible.org\/en\/wp-json\/wp\/v2\/pages\/4703","targetHints":{"allow":["GET"]}}],"collection":[{"href":"https:\/\/fdbible.org\/en\/wp-json\/wp\/v2\/pages"}],"about":[{"href":"https:\/\/fdbible.org\/en\/wp-json\/wp\/v2\/types\/page"}],"author":[{"embeddable":true,"href":"https:\/\/fdbible.org\/en\/wp-json\/wp\/v2\/users\/1"}],"replies":[{"embeddable":true,"href":"https:\/\/fdbible.org\/en\/wp-json\/wp\/v2\/comments?post=4703"}],"version-history":[{"count":3,"href":"https:\/\/fdbible.org\/en\/wp-json\/wp\/v2\/pages\/4703\/revisions"}],"predecessor-version":[{"id":4823,"href":"https:\/\/fdbible.org\/en\/wp-json\/wp\/v2\/pages\/4703\/revisions\/4823"}],"wp:featuredmedia":[{"embeddable":true,"href":"https:\/\/fdbible.org\/en\/wp-json\/wp\/v2\/media\/5138"}],"wp:attachment":[{"href":"https:\/\/fdbible.org\/en\/wp-json\/wp\/v2\/media?parent=4703"}],"curies":[{"name":"wp","href":"https:\/\/api.w.org\/{rel}","templated":true}]}}