{"id":4698,"date":"2025-11-17T02:33:06","date_gmt":"2025-11-17T01:33:06","guid":{"rendered":"https:\/\/pruebas.fdbible.org\/?page_id=4698"},"modified":"2025-11-28T21:10:14","modified_gmt":"2025-11-28T20:10:14","slug":"by-law","status":"publish","type":"page","link":"https:\/\/fdbible.org\/en\/by-law\/","title":{"rendered":"BY-LAW"},"content":{"rendered":"<div class=\"wpb-content-wrapper\"><p>[vc_row tlg_background_style=&#8221;bg-secondary&#8221; tlg_white_color=&#8221;color-white&#8221; tlg_text_align=&#8221;text-center&#8221;][vc_column width=&#8221;1\/3&#8243;]<div class=\"headings-title\"><div class=\"mb72  mb-xs-40 text-center\"><h5 style=\"color:#4E4C4C!important;\" class=\"widgettitle \">BY-LAW AND OTHER REGULATIONS<\/h5><div class=\"divider-wrap\"><i style=\"color:#7A081F!important;\" class=\"ti-angle-double-down\"><\/i><div class=\"tlg-divider\"><\/div><\/div><div style=\"color:#514F4F!important;\" class=\"widgetsubtitle\">La norma principal por la que se rige la Fundaci\u00f3n Digital Bible son los Estatutos. Outros c\u00f3digos de buenas pr\u00e1cticas y diversos reglamentos ayudan a gestionar la diversa actividad de la Fundaci\u00f3n.<\/div><\/div><\/div>[\/vc_column][vc_column width=&#8221;1\/3&#8243; css=&#8221;.vc_custom_1764027375215{padding-top: 5% !important;}&#8221;]<div class=\"\"><a  id=\"btn-69d82eee7b12a\" class=\"btn  ti-cloud-down  btn-sm-sm\" href= \"\/Archivos\/estatutos_definitivos.pdf\" target=\"_self\" >BY-LAW<\/a><\/div><div class=\"\"><a  id=\"btn-69d82eee7b18d\" class=\"btn  ti-cloud-down  btn-sm-sm\" href= \"\/Archivos\/codigo_buen_gobierno.pdf\" target=\"_self\" >BEST GOVERNANCE CODE<\/a><\/div>[\/vc_column][vc_column width=&#8221;1\/3&#8243; css=&#8221;.vc_custom_1764027364849{padding-top: 5% !important;}&#8221;]<div class=\"\"><a  id=\"btn-69d82eee7b1bc\" class=\"btn  ti-cloud-down  btn-sm-sm\" href= \"\/Archivos\/voluntariado_ebible.pdf\" target=\"_self\" >VOLUNTEERS BY-LAW<\/a><\/div><div class=\"\"><a  id=\"btn-69d82eee7b1e7\" class=\"btn  ti-cloud-down  btn-sm-sm\" href= \"\/Archivos\/estatutos_beca.pdf\" target=\"_self\" >AWARDS RULES<\/a><\/div>[\/vc_column][\/vc_row]<\/p>\n<\/div>","protected":false},"excerpt":{"rendered":"<p>[vc_row tlg_background_style=&#8221;bg-secondary&#8221; tlg_white_color=&#8221;color-white&#8221; tlg_text_align=&#8221;text-center&#8221;][vc_column width=&#8221;1\/3&#8243;][\/vc_column][vc_column width=&#8221;1\/3&#8243; css=&#8221;.vc_custom_1764027375215{padding-top: 5% !important;}&#8221;][\/vc_column][vc_column width=&#8221;1\/3&#8243; css=&#8221;.vc_custom_1764027364849{padding-top: 5% !important;}&#8221;][\/vc_column][\/vc_row]<\/p>\n","protected":false},"author":1,"featured_media":5271,"parent":0,"menu_order":0,"comment_status":"closed","ping_status":"closed","template":"","meta":{"give_campaign_id":0,"footnotes":""},"class_list":["post-4698","page","type-page","status-publish","has-post-thumbnail","hentry"],"campaignId":"","_links":{"self":[{"href":"https:\/\/fdbible.org\/en\/wp-json\/wp\/v2\/pages\/4698","targetHints":{"allow":["GET"]}}],"collection":[{"href":"https:\/\/fdbible.org\/en\/wp-json\/wp\/v2\/pages"}],"about":[{"href":"https:\/\/fdbible.org\/en\/wp-json\/wp\/v2\/types\/page"}],"author":[{"embeddable":true,"href":"https:\/\/fdbible.org\/en\/wp-json\/wp\/v2\/users\/1"}],"replies":[{"embeddable":true,"href":"https:\/\/fdbible.org\/en\/wp-json\/wp\/v2\/comments?post=4698"}],"version-history":[{"count":17,"href":"https:\/\/fdbible.org\/en\/wp-json\/wp\/v2\/pages\/4698\/revisions"}],"predecessor-version":[{"id":5604,"href":"https:\/\/fdbible.org\/en\/wp-json\/wp\/v2\/pages\/4698\/revisions\/5604"}],"wp:featuredmedia":[{"embeddable":true,"href":"https:\/\/fdbible.org\/en\/wp-json\/wp\/v2\/media\/5271"}],"wp:attachment":[{"href":"https:\/\/fdbible.org\/en\/wp-json\/wp\/v2\/media?parent=4698"}],"curies":[{"name":"wp","href":"https:\/\/api.w.org\/{rel}","templated":true}]}}