{"id":4681,"date":"2025-11-17T02:16:29","date_gmt":"2025-11-17T01:16:29","guid":{"rendered":"https:\/\/pruebas.fdbible.org\/?page_id=4681"},"modified":"2025-12-23T21:41:25","modified_gmt":"2025-12-23T20:41:25","slug":"humanists","status":"publish","type":"page","link":"https:\/\/fdbible.org\/en\/humanists\/","title":{"rendered":"HUMANISTS"},"content":{"rendered":"<div class=\"wpb-content-wrapper\"><p>[vc_row][vc_column]<div class=\"headings-title\"><div class=\"mb16  mb-xs-40 text-left\"><h5  class=\"widgettitle \">HUMANISTAS<\/h5><div class=\"divider-wrap\"><div class=\"tlg-divider\"><\/div><\/div><\/div><\/div>[vc_column_text css=&#8221;&#8221;]<\/p>\n<p style=\"text-align: justify;\">La Fundaci\u00f3n Digital Bible (FDB) atesora entre sus estructuras de organizaci\u00f3n el grupo de \u201cHumanistas de la eBible\u201d en el cual se dan cita todos aquellos artistas, investigadores, historiadores, cient\u00edficos, poetas, escritores, m\u00fasicos, pintores, escultores y dem\u00e1s creadores de cualquier campo art\u00edstico, que sustentan su quehacer art\u00edstico e intelectual en una inspiraci\u00f3n cristiana personal.<\/p>\n<p style=\"text-align: justify;\">El \u201cHumanista de la eBible\u201d expresa su deseo personal de pertenecer a esta instituci\u00f3n y de enriquecer as\u00ed el proyecto de divulgar el legado de la Biblia. Su pertenencia al proyecto eBible le lleva a crear un legado cultural para las generaciones futuras; dicho legado subraya la importancia del hecho cristiano en todo el mundo.<\/p>\n<p>[\/vc_column_text][\/vc_column][\/vc_row][vc_row tlg_background_style=&#8221;bg-secondary&#8221;][vc_column]<div id=\"tab-69ff3196b5936\" class=\"tabs-content tabs-style-1 vertical \"><ul class=\"tabs\"><li><div class=\"tab-title\"><i class=\"ti-pie-chart icon\"><\/i><span>FINALIDAD<\/span><\/div><div class=\"tab-content\"><\/p>\n<p style=\"text-align: justify;\">El potencial de creatividad de los artistas de inspiraci\u00f3n cristiana es incalculable dado el marco trascendente que experimentan en el arte. Cualitativa y cuantitativamente estos creadores de la eBible de inspiraci\u00f3n cristiana han realizado obras en todas las artes creativas de una marcada originalidad y en una base de experimentaci\u00f3n art\u00edstica muchas veces desconocida. Con el paso del tiempo, s\u00f3lo una peque\u00f1a parte de esas obras pasan al dep\u00f3sito visible de la sociedad y pocas veces dichas obras se convierten en cl\u00e1sicas y en consecuencia se constituyen como un legado para la humanidad. Conviene rescatarlas del silencio. Por eso, un organismo institucional como la FDB es el marco adecuado para promocionarlas y preservarlas en el tiempo.<\/p>\n<p style=\"text-align: justify;\">Por lo tanto, la finalidad de este organismo denominado \u201cHumanistas de la eBible\u201d consiste en poder ofrecer al p\u00fablico en general las Obras Completas de dichos humanistas como modo de preservar toda una obra art\u00edstica. Adem\u00e1s, la Fundaci\u00f3n se compromete a editarlas y divulgarlas a trav\u00e9s de las nuevas tecnolog\u00edas, como t\u00e9cnica propia de la FDB para la divulgaci\u00f3n.<\/p>\n<p>\n<\/div><\/li><li><div class=\"tab-title\"><i class=\"ti-check-box icon\"><\/i><span>ESTATUTO DEL HUMANISTA eBIBLE<\/span><\/div><div class=\"tab-content\"><\/p>\n<p style=\"text-align: justify;\">El artista que quiere pertenecer a este organismo de la FDB denominado \u201cHumanistas de la eBible\u201d debe solicitarlo al patronato, el cual estudiar\u00e1 su obra y su posible encaje y valor en el proyecto de esta instituci\u00f3n. Cumplimentados los requisitos formales de cesiones y adhesiones y compromisos, el \u201cHumanista de la eBible\u201d tendr\u00e1 adem\u00e1s la oportunidad de asesorar a esta instituci\u00f3n en su gesti\u00f3n, divulgar los fines de la misma, desarrollar las actividades fundacionales que se desarrollan seg\u00fan su plan de actuaci\u00f3n anual.<\/p>\n<p>\n<\/div><\/li><\/ul><\/div>[\/vc_column][\/vc_row][vc_row tlg_background_style=&#8221;bg-dark&#8221; css=&#8221;.vc_custom_1452611573755{background-color: #77032a !important;}&#8221;][vc_column]<div class=\"headings-title\"><div class=\"mb72  mb-xs-40 text-center\"><h5  class=\"widgettitle \">Nuestros Humanistas<\/h5><div class=\"divider-wrap\"><i  class=\"ti-user\"><\/i><div class=\"tlg-divider\"><\/div><\/div><\/div><\/div><div id=\"team-69ff3196b6b50\"><div class=\" row\"><div class=\"col-sm-4 text-center mb8 org-col\">\n    <div class=\"image-box image-round inner-title hover-reveal text-center mb0\">\n        <img loading=\"lazy\" decoding=\"async\" width=\"644\" height=\"644\" src=\"https:\/\/fdbible.org\/wp-content\/uploads\/2025\/11\/tellechea.jpeg\" class=\"attachment-full size-full wp-post-image\" alt=\"\" srcset=\"https:\/\/fdbible.org\/wp-content\/uploads\/2025\/11\/tellechea.jpeg 644w, https:\/\/fdbible.org\/wp-content\/uploads\/2025\/11\/tellechea-300x300.jpeg 300w, https:\/\/fdbible.org\/wp-content\/uploads\/2025\/11\/tellechea-150x150.jpeg 150w, https:\/\/fdbible.org\/wp-content\/uploads\/2025\/11\/tellechea-60x60.jpeg 60w, https:\/\/fdbible.org\/wp-content\/uploads\/2025\/11\/tellechea-600x600.jpeg 600w, https:\/\/fdbible.org\/wp-content\/uploads\/2025\/11\/tellechea-100x100.jpeg 100w\" sizes=\"auto, (max-width: 644px) 100vw, 644px\" \/>        <div class=\"title\">\n            <h4 class=\"mb0\">\n            <a class=\"link-light-title\" href=\"https:\/\/fdbible.org\/en\/jose-ignacio-tellechea-idigoras\/\">Jos\u00e9 Ignacio Tellechea Id\u00edgoras<\/a>            <\/h4>\n                        <div class=\"content sms-text mt16 mb8\">Read More ...<\/div>                    <\/div>\n    <\/div>\n<\/div><div class=\"col-sm-4 text-center mb8 org-col\">\n    <div class=\"image-box image-round inner-title hover-reveal text-center mb0\">\n        <img loading=\"lazy\" decoding=\"async\" width=\"644\" height=\"644\" src=\"https:\/\/fdbible.org\/wp-content\/uploads\/2025\/11\/ildefonso.jpeg\" class=\"attachment-full size-full wp-post-image\" alt=\"\" srcset=\"https:\/\/fdbible.org\/wp-content\/uploads\/2025\/11\/ildefonso.jpeg 644w, https:\/\/fdbible.org\/wp-content\/uploads\/2025\/11\/ildefonso-300x300.jpeg 300w, https:\/\/fdbible.org\/wp-content\/uploads\/2025\/11\/ildefonso-150x150.jpeg 150w, https:\/\/fdbible.org\/wp-content\/uploads\/2025\/11\/ildefonso-60x60.jpeg 60w, https:\/\/fdbible.org\/wp-content\/uploads\/2025\/11\/ildefonso-600x600.jpeg 600w, https:\/\/fdbible.org\/wp-content\/uploads\/2025\/11\/ildefonso-100x100.jpeg 100w\" sizes=\"auto, (max-width: 644px) 100vw, 644px\" \/>        <div class=\"title\">\n            <h4 class=\"mb0\">\n            <a class=\"link-light-title\" href=\"https:\/\/fdbible.org\/en\/ildefonso-escribano-de-la-torre\/\">Ildefonso Escribano de la Torre<\/a>            <\/h4>\n                        <div class=\"content sms-text mt16 mb8\">Read More ...<\/div>                    <\/div>\n    <\/div>\n<\/div><div class=\"col-sm-4 text-center mb8 org-col\">\n    <div class=\"image-box image-round inner-title hover-reveal text-center mb0\">\n        <img loading=\"lazy\" decoding=\"async\" width=\"644\" height=\"644\" src=\"https:\/\/fdbible.org\/wp-content\/uploads\/2025\/11\/padre_donostia.jpeg\" class=\"attachment-full size-full wp-post-image\" alt=\"\" srcset=\"https:\/\/fdbible.org\/wp-content\/uploads\/2025\/11\/padre_donostia.jpeg 644w, https:\/\/fdbible.org\/wp-content\/uploads\/2025\/11\/padre_donostia-300x300.jpeg 300w, https:\/\/fdbible.org\/wp-content\/uploads\/2025\/11\/padre_donostia-150x150.jpeg 150w, https:\/\/fdbible.org\/wp-content\/uploads\/2025\/11\/padre_donostia-60x60.jpeg 60w, https:\/\/fdbible.org\/wp-content\/uploads\/2025\/11\/padre_donostia-600x600.jpeg 600w, https:\/\/fdbible.org\/wp-content\/uploads\/2025\/11\/padre_donostia-100x100.jpeg 100w\" sizes=\"auto, (max-width: 644px) 100vw, 644px\" \/>        <div class=\"title\">\n            <h4 class=\"mb0\">\n            <a class=\"link-light-title\" href=\"https:\/\/pruebas.fdbible.org\/en\/padre-donostia\/\">Padre Donostia<\/a>            <\/h4>\n                        <div class=\"content sms-text mt16 mb8\">Read More ...<\/div>                    <\/div>\n    <\/div>\n<\/div><\/div><div class=\"row mt24\"><\/div><\/div>[\/vc_column][\/vc_row]<\/p>\n<\/div>","protected":false},"excerpt":{"rendered":"<p>[vc_row][vc_column][vc_column_text css=&#8221;&#8221;] La Fundaci\u00f3n Digital Bible (FDB) atesora entre sus estructuras de organizaci\u00f3n el grupo de&#8230;<\/p>\n","protected":false},"author":1,"featured_media":5304,"parent":0,"menu_order":0,"comment_status":"closed","ping_status":"closed","template":"","meta":{"give_campaign_id":0,"footnotes":""},"class_list":["post-4681","page","type-page","status-publish","has-post-thumbnail","hentry"],"campaignId":"","_links":{"self":[{"href":"https:\/\/fdbible.org\/en\/wp-json\/wp\/v2\/pages\/4681","targetHints":{"allow":["GET"]}}],"collection":[{"href":"https:\/\/fdbible.org\/en\/wp-json\/wp\/v2\/pages"}],"about":[{"href":"https:\/\/fdbible.org\/en\/wp-json\/wp\/v2\/types\/page"}],"author":[{"embeddable":true,"href":"https:\/\/fdbible.org\/en\/wp-json\/wp\/v2\/users\/1"}],"replies":[{"embeddable":true,"href":"https:\/\/fdbible.org\/en\/wp-json\/wp\/v2\/comments?post=4681"}],"version-history":[{"count":2,"href":"https:\/\/fdbible.org\/en\/wp-json\/wp\/v2\/pages\/4681\/revisions"}],"predecessor-version":[{"id":5966,"href":"https:\/\/fdbible.org\/en\/wp-json\/wp\/v2\/pages\/4681\/revisions\/5966"}],"wp:featuredmedia":[{"embeddable":true,"href":"https:\/\/fdbible.org\/en\/wp-json\/wp\/v2\/media\/5304"}],"wp:attachment":[{"href":"https:\/\/fdbible.org\/en\/wp-json\/wp\/v2\/media?parent=4681"}],"curies":[{"name":"wp","href":"https:\/\/api.w.org\/{rel}","templated":true}]}}