{"id":4680,"date":"2025-11-25T16:39:36","date_gmt":"2025-11-25T15:39:36","guid":{"rendered":"https:\/\/pruebas.fdbible.org\/?page_id=4680"},"modified":"2025-11-25T21:15:34","modified_gmt":"2025-11-25T20:15:34","slug":"padre-donostia","status":"publish","type":"page","link":"https:\/\/fdbible.org\/en\/padre-donostia\/","title":{"rendered":"PADRE DONOSTIA"},"content":{"rendered":"<div class=\"wpb-content-wrapper\"><p>[vc_row][vc_column]<div class=\"headings-title\"><div class=\"mb16  mb-xs-40 text-left\"><h5  class=\"widgettitle \">LA VIDA DEL PADRE DONOSTIA<\/h5><div class=\"divider-wrap\"><div class=\"tlg-divider\"><\/div><\/div><\/div><\/div>[vc_column_text css=&#8221;&#8221;]<\/p>\n<p style=\"text-align: justify;\">Jos\u00e9 Gonzalo Zulaica Arregui, better known in the world of art and music as P. Donostia (1886-1956), was a composer, folklorist, musicologist, and lecturer born in Donostia \/ San Sebasti\u00e1n. His music, with its highly personal style, has its roots in the tradition of Gregorian chant and European polyphonic music from the Golden Age (Tom\u00e1s Luis de Victoria, Guerrero, etc.). Another of its fundamental roots is the Basque folk tradition. Both traditions are renewed because he is inspired by the technical innovations of his French impressionist contemporaries: Debussy, Ravel, Roussel. An example of his work as a folklorist is his Cancionero Vasco \/ Euskel Eres-Sorta (Basque Songbook), which in 1922 already offered 393 melodies collected by him in places in Bazt\u00e1n and the Basque Country. Father Donostia is well known for his Preludios Vascos (Basque Preludes) for piano, in which he recreates Basque melodies not literally, but through the space of suggestion that the Impressionists worked so hard to achieve. His religious music is based on Gregorian chant but is developed and inspired not by pure \u201csaying\u201d but by the \u201csuggestion\u201d of his French masters, Debussy and Ravel foremost among them. Three examples attest to this: his Requiem and his musical illustrations with libretto by Heri Gh\u00e9on: Les trois miracles de Sainte C\u00e9cile and La vie profonde de Saint Fran\u00e7ois d&#8217;Assise. All his musical and musicological output was collected in his Complete Literary Works, comprising a dozen volumes, and in his Complete Musical Works, comprising 12 volumes.<\/p>\n<p style=\"text-align: justify;\">The Digital Bible Foundation has included Fr. Donostia in the Humanists of the eBible for his contribution to the epistolary genre, particularly the letters he exchanged with the musician and musicologist Felipe Pedrell, whose disciple he was alongside Enrique Granados, Manuel de Falla, Robert Gerhard, and Rosa Ascot. This correspondence has been published in eBook and paper format: \u201cAl un\u00edsono estamos\u201d (We are in unison). Donostia-Pedrell Correspondence 1915-1918.<\/p>\n<p>[\/vc_column_text][\/vc_column][\/vc_row][vc_row tlg_background_style=&#8221;bg-dark&#8221; tlg_padding=&#8221;pt180 pb180 pt-xs-80 pb-xs-80&#8243; tlg_text_align=&#8221;text-center&#8221; css=&#8221;.vc_custom_1764100410109{background-image: url(https:\/\/pruebas.fdbible.org\/wp-content\/uploads\/2025\/11\/P.Donostia_Pedrel.jpeg?id=5321) !important;}&#8221;][vc_column width=&#8221;1\/2&#8243;]<div class=\"headings-title\"><div class=\"mb72  mb-xs-40 text-center\"><h5  class=\"widgettitle \">THE LIFE OF FATHER DONOSTIA<\/h5><div class=\"divider-wrap\"><i  class=\"ti-video-camera\"><\/i><div class=\"tlg-divider\"><\/div><\/div><div  class=\"widgetsubtitle\">MUSICIAN, BASQUE, AND RELIGIOUS<\/div><\/div><\/div><a  id=\"btn-69ff72891c6c3\" class=\"md-trigger play btn-lg  \" data-modal=\"modal-69ff72891c6c4\" href=\"#\"><div class=\"play-button large inline\"><\/div><\/a><div class=\"modal-button\"><div class=\" md-modal md-modal-1\" id=\"modal-69ff72891c6c4\"><div class=\"md-content\"><div class=\"md-content-inner\">[vc_column_text css=&#8221;&#8221;]<iframe loading=\"lazy\" title=\"YouTube video player\" src=\"https:\/\/www.youtube.com\/embed\/TO5vfJVe2i4?si=HThATVWKRhkJioie\" width=\"560\" height=\"315\" frameborder=\"0\" allowfullscreen=\"allowfullscreen\"><span data-mce-type=\"bookmark\" style=\"display: inline-block; width: 0px; overflow: hidden; line-height: 0;\" class=\"mce_SELRES_start\"><\/span><\/iframe>[\/vc_column_text]<\/div><\/div><div class=\"text-center\"><a class=\"md-close inline-block mt24\" href=\"#\"><i class=\"ti-close\"><\/i><\/a><\/div><\/div><div class=\"md-overlay\"><\/div><\/div>[\/vc_column][vc_column width=&#8221;1\/2&#8243;]<div class=\"headings-title\"><div class=\"mb72  mb-xs-40 text-center\"><h5  class=\"widgettitle \">PRESENTATION AND CONCERT<\/h5><div class=\"divider-wrap\"><i  class=\"ti-video-camera\"><\/i><div class=\"tlg-divider\"><\/div><\/div><div  class=\"widgetsubtitle\">PADRE DONOSTIA - PEDRELL<\/div><\/div><\/div><a  id=\"btn-69ff72891c72f\" class=\"md-trigger play btn-lg  \" data-modal=\"modal-69ff72891c730\" href=\"#\"><div class=\"play-button large inline\"><\/div><\/a><div class=\"modal-button\"><div class=\" md-modal md-modal-1\" id=\"modal-69ff72891c730\"><div class=\"md-content\"><div class=\"md-content-inner\">[vc_column_text css=&#8221;&#8221;]<iframe loading=\"lazy\" title=\"YouTube video player\" src=\"https:\/\/www.youtube.com\/embed\/qSp7vizdbv4?si=h2lSaSg6vuw97cW_\" width=\"560\" height=\"315\" frameborder=\"0\" allowfullscreen=\"allowfullscreen\"><\/iframe>[\/vc_column_text]<\/div><\/div><div class=\"text-center\"><a class=\"md-close inline-block mt24\" href=\"#\"><i class=\"ti-close\"><\/i><\/a><\/div><\/div><div class=\"md-overlay\"><\/div><\/div>[\/vc_column][\/vc_row]<\/p>\n<\/div>","protected":false},"excerpt":{"rendered":"<p>[vc_row][vc_column][vc_column_text css=&#8221;&#8221;] Jos\u00e9 Gonzalo Zulaica Arregui, better known in the world of art and music as&#8230;<\/p>\n","protected":false},"author":1,"featured_media":5326,"parent":0,"menu_order":0,"comment_status":"closed","ping_status":"closed","template":"","meta":{"give_campaign_id":0,"footnotes":""},"class_list":["post-4680","page","type-page","status-publish","has-post-thumbnail","hentry"],"campaignId":"","_links":{"self":[{"href":"https:\/\/fdbible.org\/en\/wp-json\/wp\/v2\/pages\/4680","targetHints":{"allow":["GET"]}}],"collection":[{"href":"https:\/\/fdbible.org\/en\/wp-json\/wp\/v2\/pages"}],"about":[{"href":"https:\/\/fdbible.org\/en\/wp-json\/wp\/v2\/types\/page"}],"author":[{"embeddable":true,"href":"https:\/\/fdbible.org\/en\/wp-json\/wp\/v2\/users\/1"}],"replies":[{"embeddable":true,"href":"https:\/\/fdbible.org\/en\/wp-json\/wp\/v2\/comments?post=4680"}],"version-history":[{"count":6,"href":"https:\/\/fdbible.org\/en\/wp-json\/wp\/v2\/pages\/4680\/revisions"}],"predecessor-version":[{"id":5333,"href":"https:\/\/fdbible.org\/en\/wp-json\/wp\/v2\/pages\/4680\/revisions\/5333"}],"wp:featuredmedia":[{"embeddable":true,"href":"https:\/\/fdbible.org\/en\/wp-json\/wp\/v2\/media\/5326"}],"wp:attachment":[{"href":"https:\/\/fdbible.org\/en\/wp-json\/wp\/v2\/media?parent=4680"}],"curies":[{"name":"wp","href":"https:\/\/api.w.org\/{rel}","templated":true}]}}