{"id":4678,"date":"2025-11-25T17:38:37","date_gmt":"2025-11-25T16:38:37","guid":{"rendered":"https:\/\/pruebas.fdbible.org\/?page_id=4678"},"modified":"2025-11-25T22:36:13","modified_gmt":"2025-11-25T21:36:13","slug":"jose-ignacio-tellechea-idigoras","status":"publish","type":"page","link":"https:\/\/fdbible.org\/en\/jose-ignacio-tellechea-idigoras\/","title":{"rendered":"JOS\u00c9 IGNACIO TELLECHEA ID\u00cdGORAS"},"content":{"rendered":"<div class=\"wpb-content-wrapper\"><p>[vc_row css=&#8221;.vc_custom_1762093316340{margin-bottom: -100px !important;border-bottom-width: -100px !important;padding-bottom: -100px !important;}&#8221;][vc_column]<section class=\"image-standard modal-video-wrap\">\n\t\t\t\t\t\t    <div class=\"container p0-sm-min\">\n\t\t\t\t\t\t        <div class=\"row vertical-flex\">\n\t\t\t\t\t\t            <div class=\"col-md-7 col-sm-6 text-center mb-xs-24 p0-sm-min border-radius-m\">\n\t\t\t\t\t\t            \t<div class=\"intro-image\"><img loading=\"lazy\" decoding=\"async\" width=\"1344\" height=\"768\" src=\"https:\/\/fdbible.org\/wp-content\/uploads\/2025\/11\/tellechea_2.jpeg\" class=\"attachment-full size-full\" alt=\"\" srcset=\"https:\/\/fdbible.org\/wp-content\/uploads\/2025\/11\/tellechea_2.jpeg 1344w, https:\/\/fdbible.org\/wp-content\/uploads\/2025\/11\/tellechea_2-300x171.jpeg 300w, https:\/\/fdbible.org\/wp-content\/uploads\/2025\/11\/tellechea_2-1024x585.jpeg 1024w, https:\/\/fdbible.org\/wp-content\/uploads\/2025\/11\/tellechea_2-768x439.jpeg 768w, https:\/\/fdbible.org\/wp-content\/uploads\/2025\/11\/tellechea_2-600x343.jpeg 600w\" sizes=\"auto, (max-width: 1344px) 100vw, 1344px\" \/><div class=\"modal-video-mask\"><a data-modal=\"modal-69ff3f3a8e5ee\" class=\"md-trigger m0 play-dark\" href= \"#\"><div class=\"play-button dark inline\"><\/div><\/a><\/div>\n\t\t\t\t\t\t            \t<\/div>\n\t\t\t\t\t\t            <\/div>\n\t\t\t\t\t\t            <div class=\"col-md-4 col-md-offset-1 col-sm-5 col-sm-offset-1 p0-sm-min\"><h5 class=\"widgettitle mb16\">JOS\u00c9 IGNACIO TELLECHEA ID\u00cdGORAS<\/h5><div class=\"widgetsubtitle\">HUMANISTA<\/div><div><\/p>\n<p style=\"text-align: justify;\">The humanist Jos\u00e9 Ignacio Tellechea Id\u00edgoras is one of the first figures to whom this Foundation dedicates its efforts due to his Christian humanism in defending the life and work of Archbishop Carranza.<br \/>\nMaestro Tellechea devoted his work especially to researching the figure of the Archbishop of Toledo, Fr. Bartolom\u00e9 Carranza. This humanist has devoted his entire life to seeking the truth about the Archbishop of Toledo. To this end, he has always remained faithful to the letter of the documents, to the spirituality of the prelate, and to the values of faith, hope, and charity that adorned his obscured life and sustained him during his painful and unjust imprisonment.<\/p>\n<p><\/div><\/div>\n\t\t\t\t\t\t        <\/div>\n\t\t\t\t\t\t    <\/div><div class=\"modal-button\"><div class=\"md-modal md-modal-7\" id=\"modal-69ff3f3a8e5ee\"><div class=\"md-content\"><div class=\"md-content-inner\"><iframe loading=\"lazy\" title=\"JOS\u00c9 IGNACIO TELLECHEA ID\u00cdGORAS -- AUTOBIOGRAF\u00cdA (1)\" width=\"1170\" height=\"658\" src=\"https:\/\/www.youtube.com\/embed\/lYWICf36PtU?feature=oembed\" frameborder=\"0\" allow=\"accelerometer; autoplay; clipboard-write; encrypted-media; gyroscope; picture-in-picture; web-share\" referrerpolicy=\"strict-origin-when-cross-origin\" allowfullscreen><\/iframe><\/div><\/div><div class=\"text-center\"><a class=\"md-close inline-block mt24\" href=\"#\"><i class=\"ti-close\"><\/i><\/a><\/div><\/div><div class=\"md-overlay\"><\/div><\/div>\n\t\t\t\t\t\t<\/section>[vc_column_text css=&#8221;.vc_custom_1762088503580{margin-top: 30px !important;}&#8221;]<\/p>\n<p style=\"text-align: justify;\">He also knew how to denounce the countervalues that led to the condemnation of a man whose weapon was the word based on the Word of God and his message to men.<\/p>\n<p style=\"text-align: justify;\">From this Carrancian perspective, Jos\u00e9 Ignacio Tellechea joins the group of \u201cHumanists of the eBible\u201d to disseminate all his research work on the Archbishop of Toledo.<\/p>\n<p>[\/vc_column_text][\/vc_column][\/vc_row][vc_row][vc_column css=&#8221;.vc_custom_1764105322305{margin-top: -7% !important;}&#8221;]<div class=\"headings-title\"><div class=\"mb16  mb-xs-40 text-center\"><h5  class=\"widgettitle \">WORKS<\/h5><div class=\"divider-wrap\"><div class=\"tlg-divider\"><\/div><\/div><div  class=\"widgetsubtitle\">JOS\u00c9 IGNACIO TELLECHEA ID\u00cdGORAS<\/div><\/div><\/div>[vc_column_text css=&#8221;&#8221;]<\/p>\n<p style=\"text-align: justify;\">The figure of Jos\u00e9 I. Tellechea and his work are an example of humanism lived out from his deep Christian identity. A man of values and research, he left behind an extremely important legacy for understanding the roots of Spain, specifically the roots of the 16th century, in which the figure of Carranza is found.<\/p>\n<p style=\"text-align: justify;\">The presentation of the Lekuona Award in 2001 led him to write a speech in which he clearly outlines his life. Interested parties can read about Jos\u00e9 Ignacio&#8217;s background in this \u201cAutobiography.\u201d As a complement to this document, we present another one called \u201cBiography,\u201d which describes his life with texts taken from his book Tapices de la Memoria (Tapestries of Memory), a lengthy memoir of his entire life. A short work entitled \u201cThe Person,\u201d written in 2010 by his disciple Xo\u00e1n Manuel Neira P\u00e9rez, legatee of Professor Tellechea&#8217;s Carrancian work, presents us with an X-ray of the person of Jos\u00e9 Ignacio and his research dimension. Finally, a long document entitled <strong>\u201cBibliography\u201d<\/strong> presents us with the complete extensive work published by Professor Tellechea.<\/p>\n<p>[\/vc_column_text][\/vc_column][\/vc_row][vc_row][vc_column css=&#8221;.vc_custom_1764105889590{margin-top: -3% !important;}&#8221;]<div class=\"headings-title\"><div class=\"mb16  mb-xs-40 text-center\"><h5  class=\"widgettitle \">INTERESTING FACTS:<\/h5><div class=\"divider-wrap\"><div class=\"tlg-divider\"><\/div><\/div><\/div><\/div>[\/vc_column][\/vc_row][vc_row][vc_column width=&#8221;1\/4&#8243;]<div id=\"iconbox-69ff3f3aaf773\" class=\"\"><div class=\"icon-link\"><div class=\"display-table mb16 mb-xs-24 text-left\">\n\t\t\t\t    \t\t<div class=\"display-cell vertical-top\">\n\t\t\t\t    \t\t\t<i style=\"background-color:#77032A;border-color:#77032A;\" class=\"ti-import circle-icon circle-icon-bg inline-block mb16 mr-25 ms-text icon-lg\"><\/i>\n\t\t\t\t    \t\t<\/div>\n\t\t\t\t    \t\t<div class=\"display-cell\">\n\t\t\t\t    \t\t\t<h5  class=\"widgettitle mb8\"><a href= \"\/Archivos\/DOC-1.1.1.Autobiografi%CC%81a.pdf\" target=\"_self\" >AUTOBIOGRAPHY<\/a><\/h5>\n\t\t\t\t    \t\t\t<div  class=\"widgetsubtitle\"><\/div>\n\t\t\t\t    \t\t\t<div  class=\"icon-content\"><\/div>\n\t\t\t\t    \t\t<\/div>\n\t\t\t\t    \t<\/div><\/div><\/div>[\/vc_column][vc_column width=&#8221;1\/4&#8243;]<div id=\"iconbox-69ff3f3aaf811\" class=\"\"><div class=\"icon-link\"><div class=\"display-table mb16 mb-xs-24 text-left\">\n\t\t\t\t    \t\t<div class=\"display-cell vertical-top\">\n\t\t\t\t    \t\t\t<i style=\"background-color:#77032A;border-color:#77032A;\" class=\"ti-import circle-icon circle-icon-bg inline-block mb16 mr-25 ms-text icon-lg\"><\/i>\n\t\t\t\t    \t\t<\/div>\n\t\t\t\t    \t\t<div class=\"display-cell\">\n\t\t\t\t    \t\t\t<h5  class=\"widgettitle mb8\"><a href= \"\/Archivos\/DOC-1.1.2.Biografi%CC%81a.pdf\" target=\"_self\" >BIOGRAPHY<\/a><\/h5>\n\t\t\t\t    \t\t\t<div  class=\"widgetsubtitle\"><\/div>\n\t\t\t\t    \t\t\t<div  class=\"icon-content\"><\/div>\n\t\t\t\t    \t\t<\/div>\n\t\t\t\t    \t<\/div><\/div><\/div>[\/vc_column][vc_column width=&#8221;1\/4&#8243;]<div id=\"iconbox-69ff3f3aaf859\" class=\"\"><div class=\"icon-link\"><div class=\"display-table mb16 mb-xs-24 text-left\">\n\t\t\t\t    \t\t<div class=\"display-cell vertical-top\">\n\t\t\t\t    \t\t\t<i style=\"background-color:#77032A;border-color:#77032A;\" class=\"ti-import circle-icon circle-icon-bg inline-block mb16 mr-25 ms-text icon-lg\"><\/i>\n\t\t\t\t    \t\t<\/div>\n\t\t\t\t    \t\t<div class=\"display-cell\">\n\t\t\t\t    \t\t\t<h5  class=\"widgettitle mb8\"><a href= \"\/Archivos\/DOC-1.1.3.La%20persona.pdf\" target=\"_self\" >THE PERSON<\/a><\/h5>\n\t\t\t\t    \t\t\t<div  class=\"widgetsubtitle\"><\/div>\n\t\t\t\t    \t\t\t<div  class=\"icon-content\"><\/div>\n\t\t\t\t    \t\t<\/div>\n\t\t\t\t    \t<\/div><\/div><\/div>[\/vc_column][vc_column width=&#8221;1\/4&#8243;]<div id=\"iconbox-69ff3f3aaf892\" class=\"\"><div class=\"icon-link\"><div class=\"display-table mb16 mb-xs-24 text-left\">\n\t\t\t\t    \t\t<div class=\"display-cell vertical-top\">\n\t\t\t\t    \t\t\t<i style=\"background-color:#77032A;border-color:#77032A;\" class=\"ti-import circle-icon circle-icon-bg inline-block mb16 mr-25 ms-text icon-lg\"><\/i>\n\t\t\t\t    \t\t<\/div>\n\t\t\t\t    \t\t<div class=\"display-cell\">\n\t\t\t\t    \t\t\t<h5  class=\"widgettitle mb8\"><a href= \"\/Archivos\/DOC-1.2.1.Contenido%20Bibliografi%CC%81a.pdf\" target=\"_self\" >BIBLIOGRAF\u00cdA<\/a><\/h5>\n\t\t\t\t    \t\t\t<div  class=\"widgetsubtitle\"><\/div>\n\t\t\t\t    \t\t\t<div  class=\"icon-content\"><\/div>\n\t\t\t\t    \t\t<\/div>\n\t\t\t\t    \t<\/div><\/div><\/div>[\/vc_column][\/vc_row]<\/p>\n<\/div>","protected":false},"excerpt":{"rendered":"<p>[vc_row css=&#8221;.vc_custom_1762093316340{margin-bottom: -100px !important;border-bottom-width: -100px !important;padding-bottom: -100px !important;}&#8221;][vc_column][vc_column_text css=&#8221;.vc_custom_1762088503580{margin-top: 30px !important;}&#8221;] He also knew how to&#8230;<\/p>\n","protected":false},"author":1,"featured_media":5357,"parent":0,"menu_order":0,"comment_status":"closed","ping_status":"closed","template":"","meta":{"give_campaign_id":0,"footnotes":""},"class_list":["post-4678","page","type-page","status-publish","has-post-thumbnail","hentry"],"campaignId":"","_links":{"self":[{"href":"https:\/\/fdbible.org\/en\/wp-json\/wp\/v2\/pages\/4678","targetHints":{"allow":["GET"]}}],"collection":[{"href":"https:\/\/fdbible.org\/en\/wp-json\/wp\/v2\/pages"}],"about":[{"href":"https:\/\/fdbible.org\/en\/wp-json\/wp\/v2\/types\/page"}],"author":[{"embeddable":true,"href":"https:\/\/fdbible.org\/en\/wp-json\/wp\/v2\/users\/1"}],"replies":[{"embeddable":true,"href":"https:\/\/fdbible.org\/en\/wp-json\/wp\/v2\/comments?post=4678"}],"version-history":[{"count":6,"href":"https:\/\/fdbible.org\/en\/wp-json\/wp\/v2\/pages\/4678\/revisions"}],"predecessor-version":[{"id":5372,"href":"https:\/\/fdbible.org\/en\/wp-json\/wp\/v2\/pages\/4678\/revisions\/5372"}],"wp:featuredmedia":[{"embeddable":true,"href":"https:\/\/fdbible.org\/en\/wp-json\/wp\/v2\/media\/5357"}],"wp:attachment":[{"href":"https:\/\/fdbible.org\/en\/wp-json\/wp\/v2\/media?parent=4678"}],"curies":[{"name":"wp","href":"https:\/\/api.w.org\/{rel}","templated":true}]}}