{"id":4676,"date":"2025-11-27T18:49:18","date_gmt":"2025-11-27T17:49:18","guid":{"rendered":"https:\/\/pruebas.fdbible.org\/?page_id=4676"},"modified":"2025-11-27T18:58:04","modified_gmt":"2025-11-27T17:58:04","slug":"prizes","status":"publish","type":"page","link":"https:\/\/fdbible.org\/en\/prizes\/","title":{"rendered":"PRIZES"},"content":{"rendered":"<div class=\"wpb-content-wrapper\"><p>[vc_row][vc_column]<div class=\"headings-title\"><div class=\"mb16  mb-xs-40 text-left\"><h5  class=\"widgettitle \">PREMIOS ``EBIBLE``<\/h5><div class=\"divider-wrap\"><div class=\"tlg-divider\"><\/div><\/div><div  class=\"widgetsubtitle\">\u00bfQUIERES GANAR UN PREMIO POR LA FDB?<\/div><\/div><\/div>[vc_column_text css=&#8221;&#8221;]<\/p>\n<p class=\"rtejustify\">The <strong>Digital Bible Foundation<\/strong> is a non-profit organization registered in the Galician Register of Foundations of Public Interest. Its purpose is to study, disseminate, and research the Bible in order to create materials using its own teaching resources adapted to the visual, digital, and audiovisual world, thereby helping to research and disseminate the biblical text through new digital and audiovisual technologies that make it available on digital platforms.<\/p>\n<p class=\"rtejustify\">One of the main founding activities related to the dissemination of the digital Bible is the creation of eBooks enriched with images that illustrate the entire biblical text and other different technological and audiovisual products based on these images.<\/p>\n<p class=\"rtejustify\">The illustration of Bible passages, through study and research, is one of the main objectives of the Digital Bible Foundation, as it occupies a central part of the Foundation&#8217;s study, dissemination, and research. This task consists of producing illustrations for each book of the Bible under the theological guidelines of the eBible Project director, using artistic criteria, which form part of the eBible Collective Work on the Illustration of the Bible.<\/p>\n<p class=\"rtejustify\">The Board of Trustees of the Fundaci\u00f3n Digital Bible decided unanimously on May 25, 2016 to launch the &#8220;eBible Prizes&#8221; for the theological and artistic illustration of the Bible. These eBible Prizes will carry out in 2017. The creation of these Prizes is possible thanks to 6000 \u20ac donation of Mr. Neira P\u00e9rez, the Director of this project. This budget of 6000 \u20ac will be used for the creation of a Prize of Excellence that will be assigned for artists that will paint illustrations for the project of the Collective Work of the eBible.<\/p>\n<p class=\"rtejustify\">Below you will find access to the following files:<\/p>\n<p style=\"text-align: justify;\"><strong> &#8211;&gt; <\/strong>EBIBLE AWARDS RULES: It is important that you read all the rules of the awards to know how to fill out the \u201capplication form.\u201d Here you will find information about the OBJECTIVES, TYPES OF CATEGORIES TO APPLY FOR, CANDIDATE REQUIREMENTS, NECESSARY DOCUMENTATION, SELECTION PROCESS, DURATION AND WORK OF THE AWARD, DIFFERENT RECOGNITIONS, &#8230; AND MUCH MORE!<\/p>\n<p style=\"text-align: justify;\">&#8211;&gt; <strong>FORMULARIO:<\/strong> Una vez descargues el formulario (PDF) deber\u00e1s de cubrir el mismo desde tu PC. Cuando termines de rellenarlo haces click en Guardar. Y nos lo env\u00edas junto a fotocopia de tu DNI, Pasaporte u otro tipo de documento legal de identificaci\u00f3n. Si eres menor de edad deber\u00e1s de enviar tu documento de identificaci\u00f3n junto al de un tutor legal. Todo ello ha de ser enviado v\u00eda email to: <a class=\"azul\" href=\"mailto:info@fdbible.org\">info@fdbible.org<\/a><\/p>\n<p><strong>&#8211;&gt;<\/strong> <strong>AWARDING OF PRIZES:<\/strong> This link will be used to publish the winners of the <strong>\u201c2017 eBible Awards\u201d<\/strong> and the individuals who have been awarded each of the prizes. To date, the <strong>\u201cCategory A Award\u201d<\/strong> has been awarded.<\/p>\n<p>[\/vc_column_text][\/vc_column][\/vc_row][vc_row][vc_column css=&#8221;.vc_custom_1764265867779{margin-top: -7% !important;margin-bottom: -90px !important;}&#8221;]<div class=\"headings-title\"><div class=\"mb16  mb-xs-40 text-center\"><h5  class=\"widgettitle \">DOWNLOAD THE FILES:<\/h5><div class=\"divider-wrap\"><div class=\"tlg-divider\"><\/div><\/div><div  class=\"widgetsubtitle\">Una vez hagas click sobre los archivos a descargar se abrir\u00e1n y en la parte superior derecha ver\u00e1s una peque\u00f1a flecha hacia abajo que al hacer click sobre ella descargar\u00e1 el archivo.<\/div><\/div><\/div>[\/vc_column][\/vc_row][vc_row css=&#8221;.vc_custom_1762093238204{margin-top: -100px !important;}&#8221;][vc_column width=&#8221;1\/3&#8243;]<div id=\"iconbox-69ff3f08d8998\" class=\"\"><div class=\"icon-link\"><a class=\"inherit\" href= \"\/Archivos\/estatutos_beca.pdf\" target=\"_self\" ><div class=\"display-table mb16 mb-xs-24 text-left\">\n\t\t\t\t    \t\t<div class=\"display-cell vertical-top\">\n\t\t\t\t    \t\t\t<i style=\"background-color:#77032A;border-color:#77032A;\" class=\"ti-import circle-icon circle-icon-bg inline-block mb16 mr-25 ms-text icon-lg\"><\/i>\n\t\t\t\t    \t\t<\/div>\n\t\t\t\t    \t\t<div class=\"display-cell\">\n\t\t\t\t    \t\t\t<h5  class=\"widgettitle mb8\">AWARDS REGULATIONS<\/h5>\n\t\t\t\t    \t\t\t<div  class=\"widgetsubtitle\"><\/div>\n\t\t\t\t    \t\t\t<div  class=\"icon-content\"><\/div>\n\t\t\t\t    \t\t<\/div>\n\t\t\t\t    \t<\/div><\/a><\/div><\/div>[\/vc_column][vc_column width=&#8221;1\/3&#8243;]<div id=\"iconbox-69ff3f08d89f3\" class=\"\"><div class=\"icon-link\"><a class=\"inherit\" href= \"\/Archivos\/FORMULARIO_BECA.pdf\" target=\"_self\" ><div class=\"display-table mb16 mb-xs-24 text-left\">\n\t\t\t\t    \t\t<div class=\"display-cell vertical-top\">\n\t\t\t\t    \t\t\t<i style=\"background-color:#77032A;border-color:#77032A;\" class=\"ti-import circle-icon circle-icon-bg inline-block mb16 mr-25 ms-text icon-lg\"><\/i>\n\t\t\t\t    \t\t<\/div>\n\t\t\t\t    \t\t<div class=\"display-cell\">\n\t\t\t\t    \t\t\t<h5  class=\"widgettitle mb8\">APPLICATION FORM<\/h5>\n\t\t\t\t    \t\t\t<div  class=\"widgetsubtitle\"><\/div>\n\t\t\t\t    \t\t\t<div  class=\"icon-content\"><\/div>\n\t\t\t\t    \t\t<\/div>\n\t\t\t\t    \t<\/div><\/a><\/div><\/div>[\/vc_column][vc_column width=&#8221;1\/3&#8243;]<div id=\"iconbox-69ff3f08d8a27\" class=\"\"><div class=\"icon-link\"><a class=\"inherit\" href= \"\/Archivos\/blanca.pdf\" target=\"_self\" ><div class=\"display-table mb16 mb-xs-24 text-left\">\n\t\t\t\t    \t\t<div class=\"display-cell vertical-top\">\n\t\t\t\t    \t\t\t<i style=\"background-color:#77032A;border-color:#77032A;\" class=\"ti-import circle-icon circle-icon-bg inline-block mb16 mr-25 ms-text icon-lg\"><\/i>\n\t\t\t\t    \t\t<\/div>\n\t\t\t\t    \t\t<div class=\"display-cell\">\n\t\t\t\t    \t\t\t<h5  class=\"widgettitle mb8\">AWARDING OF PRIZES<\/h5>\n\t\t\t\t    \t\t\t<div  class=\"widgetsubtitle\"><\/div>\n\t\t\t\t    \t\t\t<div  class=\"icon-content\"><\/div>\n\t\t\t\t    \t\t<\/div>\n\t\t\t\t    \t<\/div><\/a><\/div><\/div>[\/vc_column][\/vc_row]<\/p>\n<\/div>","protected":false},"excerpt":{"rendered":"<p>[vc_row][vc_column][vc_column_text css=&#8221;&#8221;] The Digital Bible Foundation is a non-profit organization registered in the Galician Register of&#8230;<\/p>\n","protected":false},"author":1,"featured_media":5472,"parent":0,"menu_order":0,"comment_status":"closed","ping_status":"closed","template":"","meta":{"give_campaign_id":0,"footnotes":""},"class_list":["post-4676","page","type-page","status-publish","has-post-thumbnail","hentry"],"campaignId":"","_links":{"self":[{"href":"https:\/\/fdbible.org\/en\/wp-json\/wp\/v2\/pages\/4676","targetHints":{"allow":["GET"]}}],"collection":[{"href":"https:\/\/fdbible.org\/en\/wp-json\/wp\/v2\/pages"}],"about":[{"href":"https:\/\/fdbible.org\/en\/wp-json\/wp\/v2\/types\/page"}],"author":[{"embeddable":true,"href":"https:\/\/fdbible.org\/en\/wp-json\/wp\/v2\/users\/1"}],"replies":[{"embeddable":true,"href":"https:\/\/fdbible.org\/en\/wp-json\/wp\/v2\/comments?post=4676"}],"version-history":[{"count":8,"href":"https:\/\/fdbible.org\/en\/wp-json\/wp\/v2\/pages\/4676\/revisions"}],"predecessor-version":[{"id":5484,"href":"https:\/\/fdbible.org\/en\/wp-json\/wp\/v2\/pages\/4676\/revisions\/5484"}],"wp:featuredmedia":[{"embeddable":true,"href":"https:\/\/fdbible.org\/en\/wp-json\/wp\/v2\/media\/5472"}],"wp:attachment":[{"href":"https:\/\/fdbible.org\/en\/wp-json\/wp\/v2\/media?parent=4676"}],"curies":[{"name":"wp","href":"https:\/\/api.w.org\/{rel}","templated":true}]}}